{"id":1014,"date":"2019-03-22T06:11:15","date_gmt":"2019-03-22T06:11:15","guid":{"rendered":"http:\/\/prickly-zebra.w6.wpsandbox.pro\/?page_id=21"},"modified":"2020-06-06T16:42:49","modified_gmt":"2020-06-06T16:42:49","slug":"sobre","status":"publish","type":"page","link":"https:\/\/milonga-a-promotora.pt\/bib\/sobre\/","title":{"rendered":"Sobre"},"content":{"rendered":"\t\t<div data-elementor-type=\"wp-post\" data-elementor-id=\"1014\" class=\"elementor elementor-1014\">\n\t\t\t\t\t\t<section class=\"elementor-section elementor-top-section elementor-element elementor-element-97da352 elementor-section-boxed elementor-section-height-default elementor-section-height-default\" data-id=\"97da352\" data-element_type=\"section\" data-settings=\"{&quot;background_background&quot;:&quot;classic&quot;}\">\n\t\t\t\t\t\t<div class=\"elementor-container elementor-column-gap-wide\">\n\t\t\t\t\t<div class=\"elementor-column elementor-col-33 elementor-top-column elementor-element elementor-element-79f900a\" data-id=\"79f900a\" data-element_type=\"column\">\n\t\t\t<div class=\"elementor-widget-wrap elementor-element-populated\">\n\t\t\t\t\t\t<div class=\"elementor-element elementor-element-93ca057 elementor-widget elementor-widget-heading\" data-id=\"93ca057\" data-element_type=\"widget\" data-widget_type=\"heading.default\">\n\t\t\t\t<div class=\"elementor-widget-container\">\n\t\t\t\t\t<h2 class=\"elementor-heading-title elementor-size-default\">Sobre a Biblioteca<\/h2>\t\t\t\t<\/div>\n\t\t\t\t<\/div>\n\t\t\t\t<div class=\"elementor-element elementor-element-f1245c8 elementor-widget elementor-widget-text-editor\" data-id=\"f1245c8\" data-element_type=\"widget\" data-widget_type=\"text-editor.default\">\n\t\t\t\t<div class=\"elementor-widget-container\">\n\t\t\t\t\t\t\t\t\t<p>A biblioteca da Associa\u00e7\u00e3o Promotora de Tango Social, \u00e9 uma das poucas bibliotecas p\u00fablicas especializadas em Tango Argentino e \u00e9 o resultado do esfor\u00e7o e dedica\u00e7\u00e3o dos seus promotores e de todos os que para ela t\u00eam contribu\u00eddo.<\/p><p>A Associa\u00e7\u00e3o Promotora de Tango Social pretende difundir o conhecimento sobre o Tango Argentino em todas as suas vertentes, sendo esta uma iniciativa na qual temos trabalhado e que nos enche de orgulho e satisfa\u00e7\u00e3o.<\/p><p>Esperamos que a partilha destas obras contribua para a promo\u00e7\u00e3o do conhecimento e respeito pela cultura rioplatense na nossa comunidade e que possa ser um elo de liga\u00e7\u00e3o entre todos, pois a Biblioteca \u00e9 de e para todos. As nossas obras s\u00e3o mais felizes quando partilhadas, assim como n\u00f3s nos enchemos de alegria por poder partilha-las convosco.<\/p><p>A biblioteca est\u00e1 regularmente dispon\u00edvel para consulta e requisi\u00e7\u00e3o de livros na Milonga A Promotora e no Encontro Milongueiro A Promotora<br \/>Obrigado!<\/p><p><br \/>Associa\u00e7\u00e3o Promotora de Tango Social<\/p>\t\t\t\t\t\t\t\t<\/div>\n\t\t\t\t<\/div>\n\t\t\t\t\t<\/div>\n\t\t<\/div>\n\t\t\t\t<div class=\"elementor-column elementor-col-33 elementor-top-column elementor-element elementor-element-94eb94f\" data-id=\"94eb94f\" data-element_type=\"column\" data-settings=\"{&quot;background_background&quot;:&quot;slideshow&quot;,&quot;background_slideshow_gallery&quot;:[{&quot;id&quot;:181,&quot;url&quot;:&quot;https:\\\/\\\/milonga-a-promotora.pt\\\/bib\\\/wp-content\\\/uploads\\\/2019\\\/03\\\/testimonial-one-bg.jpg&quot;}],&quot;background_slideshow_slide_duration&quot;:5000,&quot;background_slideshow_slide_transition&quot;:&quot;fade&quot;,&quot;background_slideshow_transition_duration&quot;:500}\">\n\t\t\t<div class=\"elementor-widget-wrap\">\n\t\t\t\t\t\t\t<\/div>\n\t\t<\/div>\n\t\t\t\t<div class=\"elementor-column elementor-col-33 elementor-top-column elementor-element elementor-element-243f2d9\" data-id=\"243f2d9\" data-element_type=\"column\">\n\t\t\t<div class=\"elementor-widget-wrap elementor-element-populated\">\n\t\t\t\t\t\t<div class=\"elementor-element elementor-element-e9bd2be elementor-widget elementor-widget-heading\" data-id=\"e9bd2be\" data-element_type=\"widget\" data-widget_type=\"heading.default\">\n\t\t\t\t<div class=\"elementor-widget-container\">\n\t\t\t\t\t<h2 class=\"elementor-heading-title elementor-size-default\">About the Library<\/h2>\t\t\t\t<\/div>\n\t\t\t\t<\/div>\n\t\t\t\t<div class=\"elementor-element elementor-element-310ae99 elementor-widget elementor-widget-text-editor\" data-id=\"310ae99\" data-element_type=\"widget\" data-widget_type=\"text-editor.default\">\n\t\t\t\t<div class=\"elementor-widget-container\">\n\t\t\t\t\t\t\t\t\t<p>The library of the Associa\u00e7\u00e3o Promotora de Tango Social is one of the few public libraries specialized in Argentine Tango and is the result of the efforts and dedication of its promoters and all those who have contributed to it.<\/p><p>The Associa\u00e7\u00e3o Promotora de Tango Social intends to spread knowledge about Argentine Tango in all its aspects, being an initiative in which we have worked and it fills us with pride and satisfaction.<\/p><p>We hope that the sharing of these books will contribute to the promotion of knowledge and respect for the culture of Rio de la Plata in our community and may be a link between every tango lover, because the Library is for us all. Our books are happier when shared, just as we are filled with joy that we can share them with you.<\/p><p>The library is regularly available to consult and book request at Milonga A Promotora and at the Encontro Milongueiro A Promotora.<\/p><p>Thank you!<\/p><p>Associa\u00e7\u00e3o Pormotora de Tango Social<\/p>\t\t\t\t\t\t\t\t<\/div>\n\t\t\t\t<\/div>\n\t\t\t\t\t<\/div>\n\t\t<\/div>\n\t\t\t\t\t<\/div>\n\t\t<\/section>\n\t\t\t\t<\/div>\n\t\t","protected":false},"excerpt":{"rendered":"<p>Sobre a Biblioteca A biblioteca da Associa\u00e7\u00e3o Promotora de Tango Social, \u00e9 uma das poucas bibliotecas p\u00fablicas especializadas em Tango Argentino e \u00e9 o resultado do esfor\u00e7o e dedica\u00e7\u00e3o dos seus promotores e de todos os que para ela t\u00eam contribu\u00eddo. A Associa\u00e7\u00e3o Promotora de Tango Social pretende difundir o conhecimento sobre o Tango Argentino [&hellip;]<\/p>\n","protected":false},"author":1,"featured_media":0,"parent":0,"menu_order":0,"comment_status":"closed","ping_status":"closed","template":"elementor_header_footer","meta":{"_acf_changed":false,"zakra_sidebar_layout":"stretched","zakra_remove_content_margin":false,"zakra_sidebar":"customizer","zakra_transparent_header":"0","zakra_logo":0,"zakra_main_header_style":"default","zakra_menu_item_color":"","zakra_menu_item_hover_color":"","zakra_menu_item_active_color":"","zakra_menu_active_style":"","zakra_page_header":true,"footnotes":""},"class_list":["post-1014","page","type-page","status-publish","hentry"],"acf":[],"_links":{"self":[{"href":"https:\/\/milonga-a-promotora.pt\/bib\/wp-json\/wp\/v2\/pages\/1014","targetHints":{"allow":["GET"]}}],"collection":[{"href":"https:\/\/milonga-a-promotora.pt\/bib\/wp-json\/wp\/v2\/pages"}],"about":[{"href":"https:\/\/milonga-a-promotora.pt\/bib\/wp-json\/wp\/v2\/types\/page"}],"author":[{"embeddable":true,"href":"https:\/\/milonga-a-promotora.pt\/bib\/wp-json\/wp\/v2\/users\/1"}],"replies":[{"embeddable":true,"href":"https:\/\/milonga-a-promotora.pt\/bib\/wp-json\/wp\/v2\/comments?post=1014"}],"version-history":[{"count":17,"href":"https:\/\/milonga-a-promotora.pt\/bib\/wp-json\/wp\/v2\/pages\/1014\/revisions"}],"predecessor-version":[{"id":1811,"href":"https:\/\/milonga-a-promotora.pt\/bib\/wp-json\/wp\/v2\/pages\/1014\/revisions\/1811"}],"wp:attachment":[{"href":"https:\/\/milonga-a-promotora.pt\/bib\/wp-json\/wp\/v2\/media?parent=1014"}],"curies":[{"name":"wp","href":"https:\/\/api.w.org\/{rel}","templated":true}]}}