{"id":1219,"date":"2020-06-03T19:07:21","date_gmt":"2020-06-03T19:07:21","guid":{"rendered":"https:\/\/milonga-a-promotora.pt\/bib\/?page_id=1219"},"modified":"2021-09-27T11:49:34","modified_gmt":"2021-09-27T11:49:34","slug":"pesquisa","status":"publish","type":"page","link":"https:\/\/milonga-a-promotora.pt\/bib\/pesquisa\/","title":{"rendered":"Pesquisar"},"content":{"rendered":"\t\t<div data-elementor-type=\"wp-page\" data-elementor-id=\"1219\" class=\"elementor elementor-1219\">\n\t\t\t\t\t\t<section class=\"elementor-section elementor-top-section elementor-element elementor-element-49e63cf elementor-section-boxed elementor-section-height-default elementor-section-height-default\" data-id=\"49e63cf\" data-element_type=\"section\">\n\t\t\t\t\t\t<div class=\"elementor-container elementor-column-gap-default\">\n\t\t\t\t\t<div class=\"elementor-column elementor-col-100 elementor-top-column elementor-element elementor-element-2701688\" data-id=\"2701688\" data-element_type=\"column\">\n\t\t\t<div class=\"elementor-widget-wrap elementor-element-populated\">\n\t\t\t\t\t\t<div class=\"elementor-element elementor-element-0fcfd64 elementor-widget elementor-widget-heading\" data-id=\"0fcfd64\" data-element_type=\"widget\" data-widget_type=\"heading.default\">\n\t\t\t\t<div class=\"elementor-widget-container\">\n\t\t\t\t\t<h2 class=\"elementor-heading-title elementor-size-default\">Procurar uma obra<\/h2>\t\t\t\t<\/div>\n\t\t\t\t<\/div>\n\t\t\t\t<section class=\"elementor-section elementor-inner-section elementor-element elementor-element-d5f424a elementor-section-boxed elementor-section-height-default elementor-section-height-default\" data-id=\"d5f424a\" data-element_type=\"section\">\n\t\t\t\t\t\t<div class=\"elementor-container elementor-column-gap-default\">\n\t\t\t\t\t<div class=\"elementor-column elementor-col-50 elementor-inner-column elementor-element elementor-element-d316a19\" data-id=\"d316a19\" data-element_type=\"column\">\n\t\t\t<div class=\"elementor-widget-wrap elementor-element-populated\">\n\t\t\t\t\t\t<div class=\"elementor-element elementor-element-f37e75d elementor-widget elementor-widget-text-editor\" data-id=\"f37e75d\" data-element_type=\"widget\" data-widget_type=\"text-editor.default\">\n\t\t\t\t<div class=\"elementor-widget-container\">\n\t\t\t\t\t\t\t\t\t<p>As obras podem ser pesquisadas por qualquer palavra ou excerto de palavra do t\u00edtulo, autor ou editora. Poder\u00e1s tamb\u00e9m pesquisar por idioma ou ISBN.<\/p>\t\t\t\t\t\t\t\t<\/div>\n\t\t\t\t<\/div>\n\t\t\t\t\t<\/div>\n\t\t<\/div>\n\t\t\t\t<div class=\"elementor-column elementor-col-50 elementor-inner-column elementor-element elementor-element-60c188c\" data-id=\"60c188c\" data-element_type=\"column\">\n\t\t\t<div class=\"elementor-widget-wrap elementor-element-populated\">\n\t\t\t\t\t\t<div class=\"elementor-element elementor-element-cb5b2b1 elementor-widget elementor-widget-text-editor\" data-id=\"cb5b2b1\" data-element_type=\"widget\" data-widget_type=\"text-editor.default\">\n\t\t\t\t<div class=\"elementor-widget-container\">\n\t\t\t\t\t\t\t\t\t<p>The books can be searched by any parcial or complete word from the title, author or publisher. You can also search by the language or ISBN.<\/p>\t\t\t\t\t\t\t\t<\/div>\n\t\t\t\t<\/div>\n\t\t\t\t\t<\/div>\n\t\t<\/div>\n\t\t\t\t\t<\/div>\n\t\t<\/section>\n\t\t\t\t<div class=\"elementor-element elementor-element-75ab97f elementor-widget elementor-widget-ep-search\" data-id=\"75ab97f\" data-element_type=\"widget\" data-widget_type=\"ep-search.default\">\n\t\t\t\t<div class=\"elementor-widget-container\">\n\t\t\t\t\t\t\t\t<div class=\"element-search-form-wrap\">\n\t\t\t\t<form id=\"element-search-form-75ab97f\" class=\"element-search-form form-ajax-enabled\" action=\"https:\/\/milonga-a-promotora.pt\/bib\/\" method=\"get\" data-no-results=\"Nenhum resultado \/ No Items Found\" data-all-results=\"Ver todos os resultados \/ See All Results\">\n\n\t\t\t\t\t\n\t\t\t\t\t<div class=\"element-search-input-wrap\">\n\t\t\t\t\t\t<label for=\"element-search-input\" class=\"sr-only\">\n\t\t\t\t\t\t\tSearch text\t\t\t\t\t\t<\/label>\n\t\t\t\t\t\t<input\n\t\t\t\t\t\t\ttype=\"text\"\n\t\t\t\t\t\t\tclass=\"element-search-input\"\n\t\t\t\t\t\t\tid=\"element-search-input\"\n\t\t\t\t\t\t\tplaceholder=\"Procurar por ...\"\n\t\t\t\t\t\t\tname=\"s\"\n\t\t\t\t\t\t\tautocomplete=\"off\"\n\t\t\t\t\t\t\/>\n\n\t\t\t\t\t\t<span class=\"element-search-spinner\"><\/span>\n\t\t\t\t\t\t<input type=\"hidden\" name=\"post_type\" value=\"post\" \/>\n\t\t\t\t\t\t<input type=\"hidden\" name=\"taxonomy\" value=\"\" \/>\n\t\t\t\t\t\t<input type=\"hidden\" name=\"num_posts\" value=\"15\" \/>\n\t\t\t\t\t\t<input type=\"hidden\" name=\"num_words\" value=\"50\" \/>\n\t\t\t\t\t<\/div>\n\t\t\t\t\t\t\t\t\t\t\t<button type=\"submit\" class=\"element-search-btn\">\n\t\t\t\t\t\t\t<span>Ver todos &gt;&gt;<\/span>\n\t\t\t\t\t\t<\/button>\n\t\t\t\t\t\n\t\t\t\t\t<ul class=\"element-search-results\">\n\t\t\t\t\t\t<li class=\"element-search-results-item\">\n\t\t\t\t\t\t\t<a href=\"\">\n\t\t\t\t\t\t\t\t\t\t\t\t\t\t\t\t\t<div class=\"element-search-results-item-thumb\">\n\t\t\t\t\t\t\t\t\t\t<img decoding=\"async\" src=\"\" alt=\"Search result item thumbnail\">\n\t\t\t\t\t\t\t\t\t<\/div>\n\t\t\t\t\t\t\t\t\t\t\t\t\t\t\t\t<div class=\"element-search-results-item-content\">\n\t\t\t\t\t\t\t\t\t\t\t\t\t\t\t\t\t\t\t<p class=\"element-search-results-item-title\"><\/p>\n\t\t\t\t\t\t\t\t\t\t\t\t\t\t\t\t\t\t\t\t\t\t\t\t\t\t<\/div>\n\t\t\t\t\t\t\t<\/a>\n\t\t\t\t\t\t<\/li>\n\t\t\t\t\t<\/ul>\n\t\t\t\t<\/form>\n\t\t\t<\/div>\n\t\t\t\t\t\t<\/div>\n\t\t\t\t<\/div>\n\t\t\t\t\t<\/div>\n\t\t<\/div>\n\t\t\t\t\t<\/div>\n\t\t<\/section>\n\t\t\t\t<section class=\"elementor-section elementor-top-section elementor-element elementor-element-b4f362c elementor-section-boxed elementor-section-height-default elementor-section-height-default\" data-id=\"b4f362c\" data-element_type=\"section\">\n\t\t\t\t\t\t<div class=\"elementor-container elementor-column-gap-default\">\n\t\t\t\t\t<div class=\"elementor-column elementor-col-100 elementor-top-column elementor-element elementor-element-71174dd\" data-id=\"71174dd\" data-element_type=\"column\">\n\t\t\t<div class=\"elementor-widget-wrap elementor-element-populated\">\n\t\t\t\t\t\t<div class=\"elementor-element elementor-element-fa7c07c elementor-widget elementor-widget-heading\" data-id=\"fa7c07c\" data-element_type=\"widget\" data-widget_type=\"heading.default\">\n\t\t\t\t<div class=\"elementor-widget-container\">\n\t\t\t\t\t<h2 class=\"elementor-heading-title elementor-size-default\">Viajar pelos livros<\/h2>\t\t\t\t<\/div>\n\t\t\t\t<\/div>\n\t\t\t\t\t<\/div>\n\t\t<\/div>\n\t\t\t\t\t<\/div>\n\t\t<\/section>\n\t\t\t\t<section class=\"elementor-section elementor-top-section elementor-element elementor-element-23f5e5b elementor-section-boxed elementor-section-height-default elementor-section-height-default\" data-id=\"23f5e5b\" data-element_type=\"section\">\n\t\t\t\t\t\t<div class=\"elementor-container elementor-column-gap-default\">\n\t\t\t\t\t<div class=\"elementor-column elementor-col-100 elementor-top-column elementor-element elementor-element-0b59df1\" data-id=\"0b59df1\" data-element_type=\"column\">\n\t\t\t<div class=\"elementor-widget-wrap elementor-element-populated\">\n\t\t\t\t\t\t<div class=\"elementor-element elementor-element-d2b985f elementor-widget elementor-widget-ucaddon_post_blocks\" data-id=\"d2b985f\" data-element_type=\"widget\" data-widget_type=\"ucaddon_post_blocks.default\">\n\t\t\t\t<div class=\"elementor-widget-container\">\n\t\t\t\t\t\n<!-- start Post Blocks -->\n\t\t<link id='uc_ac_assets_file_uc_article_grid_style_six_css_3155-css' href='https:\/\/milonga-a-promotora.pt\/bib\/wp-content\/uploads\/ac_assets\/uc_article_grid_style_six\/uc_article_grid_style_six.css' type='text\/css' rel='stylesheet' >\n\n<style>\/* widget: Post Blocks *\/\n\n#uc_post_blocks_elementor_d2b985f.uc_article_grid_style_six .uc_article_grid_style_six_holder {\n    grid-gap: 30px;\n}\n#uc_post_blocks_elementor_d2b985f .uc_article_grid_style_six_holder .uc_article_grid_style_six_box .uc_box_content{\n\tdirection:ltr;\n\ttext-align: left;\n}\n#uc_post_blocks_elementor_d2b985f.uc_article_grid_style_six .uc_article_grid_style_six_holder {\n\tgrid-template-columns: repeat(4, 1fr);\n}\n@media only screen and (max-width: 1023px) {\n\t#uc_post_blocks_elementor_d2b985f.uc_article_grid_style_six .uc_article_grid_style_six_holder {\n\t\tgrid-template-columns: repeat(0, 1fr);\n\t}\n}\n@media only screen and (max-width: 639px) {\n\t#uc_post_blocks_elementor_d2b985f.uc_article_grid_style_six .uc_article_grid_style_six_holder {\n\t\tgrid-template-columns: repeat(1, 1fr);\n\t}\n}\n\n<\/style>\n\n<div id=\"uc_post_blocks_elementor_d2b985f\" class=\"uc_article_grid_style_six\">\n  <div class=\"uc_article_grid_style_six_holder\">\n    <div class=\"uc_article_grid_style_six_box\">\n  <div class=\"uc_image_box\">\n    <div class=\"uc_article_img\" style=\"background-image: url(https:\/\/milonga-a-promotora.pt\/bib\/wp-content\/uploads\/2020\/06\/a001.png); height: 220px;\"><\/div>\n    <a href=\"https:\/\/milonga-a-promotora.pt\/bib\/2020\/06\/02\/1205\/\"><div class=\"uc_overlay\"><\/div><\/a>\n  <\/div>\n\n  <div class=\"uc_box_content\">\n    <div class=\"uc_title\"><a style=\"color:#161616;\" href=\"https:\/\/milonga-a-promotora.pt\/bib\/2020\/06\/02\/1205\/\">El Tango - Su Historia y Evoluci\u00f3n<\/a><\/div>\n    <div class=\"uc_box_footer\">\n      <a href=\"https:\/\/milonga-a-promotora.pt\/bib\/2020\/06\/02\/1205\/\" style=\"color: #959595;\">02 June 2020, 18:46<\/a>\n    <\/div>\n\n  <\/div>\n<\/div>\n<div class=\"uc_article_grid_style_six_box\">\n  <div class=\"uc_image_box\">\n    <div class=\"uc_article_img\" style=\"background-image: url(https:\/\/milonga-a-promotora.pt\/bib\/wp-content\/uploads\/2020\/06\/002.png); height: 220px;\"><\/div>\n    <a href=\"https:\/\/milonga-a-promotora.pt\/bib\/2020\/06\/03\/el-tango-y-sus-circunstancias\/\"><div class=\"uc_overlay\"><\/div><\/a>\n  <\/div>\n\n  <div class=\"uc_box_content\">\n    <div class=\"uc_title\"><a style=\"color:#161616;\" href=\"https:\/\/milonga-a-promotora.pt\/bib\/2020\/06\/03\/el-tango-y-sus-circunstancias\/\">El Tango y sus Circunstancias<\/a><\/div>\n    <div class=\"uc_box_footer\">\n      <a href=\"https:\/\/milonga-a-promotora.pt\/bib\/2020\/06\/03\/el-tango-y-sus-circunstancias\/\" style=\"color: #959595;\">03 June 2020, 19:35<\/a>\n    <\/div>\n\n  <\/div>\n<\/div>\n<div class=\"uc_article_grid_style_six_box\">\n  <div class=\"uc_image_box\">\n    <div class=\"uc_article_img\" style=\"background-image: url(https:\/\/milonga-a-promotora.pt\/bib\/wp-content\/uploads\/2020\/06\/a003.png); height: 220px;\"><\/div>\n    <a href=\"https:\/\/milonga-a-promotora.pt\/bib\/2020\/06\/03\/tudo-isto-e-fado-todas-as-letras\/\"><div class=\"uc_overlay\"><\/div><\/a>\n  <\/div>\n\n  <div class=\"uc_box_content\">\n    <div class=\"uc_title\"><a style=\"color:#161616;\" href=\"https:\/\/milonga-a-promotora.pt\/bib\/2020\/06\/03\/tudo-isto-e-fado-todas-as-letras\/\">Tudo Isto \u00e9 Fado - Todas as Letras<\/a><\/div>\n    <div class=\"uc_box_footer\">\n      <a href=\"https:\/\/milonga-a-promotora.pt\/bib\/2020\/06\/03\/tudo-isto-e-fado-todas-as-letras\/\" style=\"color: #959595;\">03 June 2020, 19:46<\/a>\n    <\/div>\n\n  <\/div>\n<\/div>\n<div class=\"uc_article_grid_style_six_box\">\n  <div class=\"uc_image_box\">\n    <div class=\"uc_article_img\" style=\"background-image: url(https:\/\/milonga-a-promotora.pt\/bib\/wp-content\/uploads\/2020\/06\/004.png); height: 220px;\"><\/div>\n    <a href=\"https:\/\/milonga-a-promotora.pt\/bib\/2020\/06\/03\/tango-danza-glosario\/\"><div class=\"uc_overlay\"><\/div><\/a>\n  <\/div>\n\n  <div class=\"uc_box_content\">\n    <div class=\"uc_title\"><a style=\"color:#161616;\" href=\"https:\/\/milonga-a-promotora.pt\/bib\/2020\/06\/03\/tango-danza-glosario\/\">Tango Danza - Glosario<\/a><\/div>\n    <div class=\"uc_box_footer\">\n      <a href=\"https:\/\/milonga-a-promotora.pt\/bib\/2020\/06\/03\/tango-danza-glosario\/\" style=\"color: #959595;\">03 June 2020, 20:11<\/a>\n    <\/div>\n\n  <\/div>\n<\/div>\n<div class=\"uc_article_grid_style_six_box\">\n  <div class=\"uc_image_box\">\n    <div class=\"uc_article_img\" style=\"background-image: url(https:\/\/milonga-a-promotora.pt\/bib\/wp-content\/uploads\/2020\/06\/005.png); height: 220px;\"><\/div>\n    <a href=\"https:\/\/milonga-a-promotora.pt\/bib\/2020\/06\/03\/buenos-aires-1890-1925\/\"><div class=\"uc_overlay\"><\/div><\/a>\n  <\/div>\n\n  <div class=\"uc_box_content\">\n    <div class=\"uc_title\"><a style=\"color:#161616;\" href=\"https:\/\/milonga-a-promotora.pt\/bib\/2020\/06\/03\/buenos-aires-1890-1925\/\">Buenos Aires 1890-1925<\/a><\/div>\n    <div class=\"uc_box_footer\">\n      <a href=\"https:\/\/milonga-a-promotora.pt\/bib\/2020\/06\/03\/buenos-aires-1890-1925\/\" style=\"color: #959595;\">03 June 2020, 20:27<\/a>\n    <\/div>\n\n  <\/div>\n<\/div>\n<div class=\"uc_article_grid_style_six_box\">\n  <div class=\"uc_image_box\">\n    <div class=\"uc_article_img\" style=\"background-image: url(https:\/\/milonga-a-promotora.pt\/bib\/wp-content\/uploads\/2020\/06\/006.png); height: 220px;\"><\/div>\n    <a href=\"https:\/\/milonga-a-promotora.pt\/bib\/2020\/06\/03\/tangos-que-fueron-y-seran\/\"><div class=\"uc_overlay\"><\/div><\/a>\n  <\/div>\n\n  <div class=\"uc_box_content\">\n    <div class=\"uc_title\"><a style=\"color:#161616;\" href=\"https:\/\/milonga-a-promotora.pt\/bib\/2020\/06\/03\/tangos-que-fueron-y-seran\/\">Tangos que fueron y ser\u00e1n<\/a><\/div>\n    <div class=\"uc_box_footer\">\n      <a href=\"https:\/\/milonga-a-promotora.pt\/bib\/2020\/06\/03\/tangos-que-fueron-y-seran\/\" style=\"color: #959595;\">03 June 2020, 20:30<\/a>\n    <\/div>\n\n  <\/div>\n<\/div>\n<div class=\"uc_article_grid_style_six_box\">\n  <div class=\"uc_image_box\">\n    <div class=\"uc_article_img\" style=\"background-image: url(https:\/\/milonga-a-promotora.pt\/bib\/wp-content\/uploads\/2020\/06\/007.png); height: 220px;\"><\/div>\n    <a href=\"https:\/\/milonga-a-promotora.pt\/bib\/2020\/06\/03\/tangos-que-canto-gardel\/\"><div class=\"uc_overlay\"><\/div><\/a>\n  <\/div>\n\n  <div class=\"uc_box_content\">\n    <div class=\"uc_title\"><a style=\"color:#161616;\" href=\"https:\/\/milonga-a-promotora.pt\/bib\/2020\/06\/03\/tangos-que-canto-gardel\/\">Tangos que cant\u00f3 Gardel<\/a><\/div>\n    <div class=\"uc_box_footer\">\n      <a href=\"https:\/\/milonga-a-promotora.pt\/bib\/2020\/06\/03\/tangos-que-canto-gardel\/\" style=\"color: #959595;\">03 June 2020, 22:48<\/a>\n    <\/div>\n\n  <\/div>\n<\/div>\n<div class=\"uc_article_grid_style_six_box\">\n  <div class=\"uc_image_box\">\n    <div class=\"uc_article_img\" style=\"background-image: url(https:\/\/milonga-a-promotora.pt\/bib\/wp-content\/uploads\/2020\/06\/008.png); height: 220px;\"><\/div>\n    <a href=\"https:\/\/milonga-a-promotora.pt\/bib\/2020\/06\/04\/cuentos-de-tango-tango-tales\/\"><div class=\"uc_overlay\"><\/div><\/a>\n  <\/div>\n\n  <div class=\"uc_box_content\">\n    <div class=\"uc_title\"><a style=\"color:#161616;\" href=\"https:\/\/milonga-a-promotora.pt\/bib\/2020\/06\/04\/cuentos-de-tango-tango-tales\/\">Cuentos de Tango - Tango Tales<\/a><\/div>\n    <div class=\"uc_box_footer\">\n      <a href=\"https:\/\/milonga-a-promotora.pt\/bib\/2020\/06\/04\/cuentos-de-tango-tango-tales\/\" style=\"color: #959595;\">04 June 2020, 10:12<\/a>\n    <\/div>\n\n  <\/div>\n<\/div>\n<div class=\"uc_article_grid_style_six_box\">\n  <div class=\"uc_image_box\">\n    <div class=\"uc_article_img\" style=\"background-image: url(https:\/\/milonga-a-promotora.pt\/bib\/wp-content\/uploads\/2020\/06\/009.png); height: 220px;\"><\/div>\n    <a href=\"https:\/\/milonga-a-promotora.pt\/bib\/2020\/06\/04\/buenos-aires\/\"><div class=\"uc_overlay\"><\/div><\/a>\n  <\/div>\n\n  <div class=\"uc_box_content\">\n    <div class=\"uc_title\"><a style=\"color:#161616;\" href=\"https:\/\/milonga-a-promotora.pt\/bib\/2020\/06\/04\/buenos-aires\/\">Buenos Aires<\/a><\/div>\n    <div class=\"uc_box_footer\">\n      <a href=\"https:\/\/milonga-a-promotora.pt\/bib\/2020\/06\/04\/buenos-aires\/\" style=\"color: #959595;\">04 June 2020, 10:17<\/a>\n    <\/div>\n\n  <\/div>\n<\/div>\n<div class=\"uc_article_grid_style_six_box\">\n  <div class=\"uc_image_box\">\n    <div class=\"uc_article_img\" style=\"background-image: url(https:\/\/milonga-a-promotora.pt\/bib\/wp-content\/uploads\/2020\/06\/010.png); height: 220px;\"><\/div>\n    <a href=\"https:\/\/milonga-a-promotora.pt\/bib\/2020\/06\/04\/diccionario-de-lunfardo\/\"><div class=\"uc_overlay\"><\/div><\/a>\n  <\/div>\n\n  <div class=\"uc_box_content\">\n    <div class=\"uc_title\"><a style=\"color:#161616;\" href=\"https:\/\/milonga-a-promotora.pt\/bib\/2020\/06\/04\/diccionario-de-lunfardo\/\">Diccionario de Lunfardo<\/a><\/div>\n    <div class=\"uc_box_footer\">\n      <a href=\"https:\/\/milonga-a-promotora.pt\/bib\/2020\/06\/04\/diccionario-de-lunfardo\/\" style=\"color: #959595;\">04 June 2020, 10:25<\/a>\n    <\/div>\n\n  <\/div>\n<\/div>\n\n  <\/div>\n<\/div>\n<!-- end Post Blocks --><div class='uc-posts-pagination'><span aria-current=\"page\" class=\"page-numbers current\">1<\/span>\n<a class=\"page-numbers\" href=\"https:\/\/milonga-a-promotora.pt\/bib\/pesquisa\/2\/\">2<\/a>\n<a class=\"page-numbers\" href=\"https:\/\/milonga-a-promotora.pt\/bib\/pesquisa\/3\/\">3<\/a>\n<span class=\"page-numbers dots\">&hellip;<\/span>\n<a class=\"page-numbers\" href=\"https:\/\/milonga-a-promotora.pt\/bib\/pesquisa\/18\/\">18<\/a><\/div>\t\t\t\t<\/div>\n\t\t\t\t<\/div>\n\t\t\t\t\t<\/div>\n\t\t<\/div>\n\t\t\t\t\t<\/div>\n\t\t<\/section>\n\t\t\t\t<\/div>\n\t\t","protected":false},"excerpt":{"rendered":"<p>Procurar uma obra As obras podem ser pesquisadas por qualquer palavra ou excerto de palavra do t\u00edtulo, autor ou editora. Poder\u00e1s tamb\u00e9m pesquisar por idioma ou ISBN. The books can be searched by any parcial or complete word from the title, author or publisher. You can also search by the language or ISBN. Search text [&hellip;]<\/p>\n","protected":false},"author":1,"featured_media":0,"parent":0,"menu_order":0,"comment_status":"closed","ping_status":"closed","template":"elementor_header_footer","meta":{"_acf_changed":false,"zakra_sidebar_layout":"customizer","zakra_remove_content_margin":false,"zakra_sidebar":"customizer","zakra_transparent_header":"customizer","zakra_logo":0,"zakra_main_header_style":"default","zakra_menu_item_color":"","zakra_menu_item_hover_color":"","zakra_menu_item_active_color":"","zakra_menu_active_style":"","zakra_page_header":true,"footnotes":""},"class_list":["post-1219","page","type-page","status-publish","hentry"],"acf":[],"_links":{"self":[{"href":"https:\/\/milonga-a-promotora.pt\/bib\/wp-json\/wp\/v2\/pages\/1219","targetHints":{"allow":["GET"]}}],"collection":[{"href":"https:\/\/milonga-a-promotora.pt\/bib\/wp-json\/wp\/v2\/pages"}],"about":[{"href":"https:\/\/milonga-a-promotora.pt\/bib\/wp-json\/wp\/v2\/types\/page"}],"author":[{"embeddable":true,"href":"https:\/\/milonga-a-promotora.pt\/bib\/wp-json\/wp\/v2\/users\/1"}],"replies":[{"embeddable":true,"href":"https:\/\/milonga-a-promotora.pt\/bib\/wp-json\/wp\/v2\/comments?post=1219"}],"version-history":[{"count":29,"href":"https:\/\/milonga-a-promotora.pt\/bib\/wp-json\/wp\/v2\/pages\/1219\/revisions"}],"predecessor-version":[{"id":1857,"href":"https:\/\/milonga-a-promotora.pt\/bib\/wp-json\/wp\/v2\/pages\/1219\/revisions\/1857"}],"wp:attachment":[{"href":"https:\/\/milonga-a-promotora.pt\/bib\/wp-json\/wp\/v2\/media?parent=1219"}],"curies":[{"name":"wp","href":"https:\/\/api.w.org\/{rel}","templated":true}]}}