{"id":786,"date":"2019-04-15T06:30:18","date_gmt":"2019-04-15T06:30:18","guid":{"rendered":"http:\/\/prickly-zebra.w6.wpsandbox.pro\/?page_id=786"},"modified":"2020-06-06T16:37:40","modified_gmt":"2020-06-06T16:37:40","slug":"regulamento","status":"publish","type":"page","link":"https:\/\/milonga-a-promotora.pt\/bib\/regulamento\/","title":{"rendered":"Regulamento"},"content":{"rendered":"\t\t<div data-elementor-type=\"wp-post\" data-elementor-id=\"786\" class=\"elementor elementor-786\">\n\t\t\t\t\t\t<section class=\"elementor-section elementor-top-section elementor-element elementor-element-cb8f73d elementor-section-boxed elementor-section-height-default elementor-section-height-default\" data-id=\"cb8f73d\" data-element_type=\"section\" data-settings=\"{&quot;background_background&quot;:&quot;classic&quot;}\">\n\t\t\t\t\t\t<div class=\"elementor-container elementor-column-gap-default\">\n\t\t\t\t\t<div class=\"elementor-column elementor-col-100 elementor-top-column elementor-element elementor-element-fdab46c\" data-id=\"fdab46c\" data-element_type=\"column\">\n\t\t\t<div class=\"elementor-widget-wrap\">\n\t\t\t\t\t\t\t<\/div>\n\t\t<\/div>\n\t\t\t\t\t<\/div>\n\t\t<\/section>\n\t\t\t\t<section class=\"elementor-section elementor-top-section elementor-element elementor-element-e6011e0 elementor-section-boxed elementor-section-height-default elementor-section-height-default\" data-id=\"e6011e0\" data-element_type=\"section\">\n\t\t\t\t\t\t<div class=\"elementor-container elementor-column-gap-wide\">\n\t\t\t\t\t<div class=\"elementor-column elementor-col-50 elementor-top-column elementor-element elementor-element-b9f7522\" data-id=\"b9f7522\" data-element_type=\"column\">\n\t\t\t<div class=\"elementor-widget-wrap elementor-element-populated\">\n\t\t\t\t\t\t<div class=\"elementor-element elementor-element-869c7ef elementor-widget elementor-widget-heading\" data-id=\"869c7ef\" data-element_type=\"widget\" data-widget_type=\"heading.default\">\n\t\t\t\t<div class=\"elementor-widget-container\">\n\t\t\t\t\t<h2 class=\"elementor-heading-title elementor-size-default\">Regulamento<\/h2>\t\t\t\t<\/div>\n\t\t\t\t<\/div>\n\t\t\t\t<div class=\"elementor-element elementor-element-458434a elementor-widget elementor-widget-text-editor\" data-id=\"458434a\" data-element_type=\"widget\" data-widget_type=\"text-editor.default\">\n\t\t\t\t<div class=\"elementor-widget-container\">\n\t\t\t\t\t\t\t\t\t<p>A <strong>Associa\u00e7\u00e3o Promotora de Tango Social<\/strong> pretende difundir o conhecimento sobre o Tango Argentino em todas as suas vertentes e, com esse objetivo, gere uma biblioteca itinerante sem fins lucrativos.<\/p><p>Fazem parte da Biblioteca obras que s\u00e3o propriedade da <strong>Associa\u00e7\u00e3o Promotora de Tango Social<\/strong> e obras que a ela lhe s\u00e3o confiadas, podendo permanecer propriedade de terceiros.<\/p><p>A <strong>Associa\u00e7\u00e3o Promotora de Tango Social<\/strong> n\u00e3o se responsabiliza por danos ou furtos ocorridos nas obras a ela confiadas.<\/p><p>Todas as obras est\u00e3o inventariadas, codificadas e identificadas, mantendo-se um registo dos seus movimentos.<\/p><p>A Biblioteca funciona regularmente nas instala\u00e7\u00f5es da <strong>SPEP \u2013 Sociedade Promotora de Educa\u00e7\u00e3o Popular<\/strong>, situada no Largo das Fontainhas 19, em Lisboa. O seu hor\u00e1rio de funcionamento coincide com o hor\u00e1rio da Milonga; das 21H30 do 4\u00ba s\u00e1bado de cada m\u00eas at\u00e9 \u00e0s 2H30 do dia seguinte, ou das atividades da <strong>Associa\u00e7\u00e3o Promotora de Tango Social<\/strong> efetuadas no mesmo local.<\/p><p>Por se tratar de uma biblioteca itinerante, poder\u00e1 tamb\u00e9m funcionar noutros locais, em eventos organizados ou nos quais participe a <strong>Associa\u00e7\u00e3o Promotora de Tango Social<\/strong>.<\/p><p>As obras s\u00e3o disponibilizadas e podem ser livremente consultadas durante a milonga a Promotora ou outros eventos pelos seus frequentadores e participantes.<\/p><p>As obras podem ser requisitadas gratuitamente para empr\u00e9stimo domicili\u00e1rio, mediante o preenchimento e aprova\u00e7\u00e3o do documento de empr\u00e9stimo \/termo de responsabilidade dispon\u00edvel para o feito, que dever\u00e1 ser assinado pelo leitor e por um respons\u00e1vel da Biblioteca.<br \/>Apenas podem requisitar obras para consulta domicili\u00e1ria os associados da Biblioteca.<\/p><p>Algumas obras s\u00e3o classificadas, podendo apenas ser consultadas e n\u00e3o requisitadas para empr\u00e9stimo domicili\u00e1rio.<br \/>Caso necess\u00e1rio, o leitor pode requisitar a disponibiliza\u00e7\u00e3o de obras classificadas para consulta mais demorada em data e local a combinar com a <strong>Associa\u00e7\u00e3o Promotora de Tango Social<\/strong>. A data e local est\u00e3o dependentes da disponibilidade de local e agenda do colaborador \/ volunt\u00e1rio da <strong>Associa\u00e7\u00e3o Promotora de Tango Social<\/strong>.<br \/>Apenas podem requisitar obras para consulta prolongada os associados da Biblioteca.<br \/>Cada leitor n\u00e3o pode requisitar em simult\u00e2neo mais que uma obra.<\/p><p>As obras requisitadas dever\u00e3o ser devolvidas at\u00e9 \u00e0 edi\u00e7\u00e3o seguinte da <strong>Milonga A Promotora<\/strong>, durante a milonga ou outras atividades da <strong>Associa\u00e7\u00e3o Promotora de Tango Social<\/strong>, ou, em casos pontuais. em data e hora a combinar com os respons\u00e1veis da Biblioteca.<br \/>As obras devem ser devolvidas no mesmo estado de conserva\u00e7\u00e3o em que foram requisitadas.<\/p><p>A devolu\u00e7\u00e3o de uma obra \u00e9 formalizada com o preenchimento dos respetivos campos do formul\u00e1rio de empr\u00e9stimo e assinaturas do leitor e de um respons\u00e1vel da Biblioteca.<\/p><p>A reprodu\u00e7\u00e3o, completa e\/ou parcial, das obras n\u00e3o \u00e9 permitida de acordo com o previsto na lei portuguesa que rege os direitos de autor, consideradas as exce\u00e7\u00f5es previstas na lei. Qualquer infra\u00e7\u00e3o \u00e9 da exclusiva responsabilidade do utilizador.<br \/>O n\u00e3o cumprimento destas condi\u00e7\u00f5es, pode levar \u00e0 suspens\u00e3o do leitor, impedindo-o de requisitar outras obras.<br \/>Para abertura de ficha de associado, \u00e9 necess\u00e1rio o preenchimento do formul\u00e1rio dispon\u00edvel para o efeito e pagamento do valor da joia em vigor.<\/p>\t\t\t\t\t\t\t\t<\/div>\n\t\t\t\t<\/div>\n\t\t\t\t\t<\/div>\n\t\t<\/div>\n\t\t\t\t<div class=\"elementor-column elementor-col-50 elementor-top-column elementor-element elementor-element-282e8ae\" data-id=\"282e8ae\" data-element_type=\"column\">\n\t\t\t<div class=\"elementor-widget-wrap elementor-element-populated\">\n\t\t\t\t\t\t<div class=\"elementor-element elementor-element-e524d59 elementor-widget elementor-widget-heading\" data-id=\"e524d59\" data-element_type=\"widget\" data-widget_type=\"heading.default\">\n\t\t\t\t<div class=\"elementor-widget-container\">\n\t\t\t\t\t<h2 class=\"elementor-heading-title elementor-size-default\">\nRegulations<\/h2>\t\t\t\t<\/div>\n\t\t\t\t<\/div>\n\t\t\t\t<div class=\"elementor-element elementor-element-7d0442a elementor-widget elementor-widget-text-editor\" data-id=\"7d0442a\" data-element_type=\"widget\" data-widget_type=\"text-editor.default\">\n\t\t\t\t<div class=\"elementor-widget-container\">\n\t\t\t\t\t\t\t\t\t<p>The <strong>Associa\u00e7\u00e3o Promotora de Tango Social<\/strong> intends to spread the knowledge about Argentine Tango in all its aspects and, with this objective, manages a non-profit itinerant public ibrary.<\/p><p>The Library includes books that are property of the <strong>Associa\u00e7\u00e3o Promotora de Tango Social<\/strong> and books that can remain the property of third parties.<\/p><p>The <strong>Associa\u00e7\u00e3o Promotora de Tango Social<\/strong> is not responsible for any damage or disappearance of third parties\u2019s books.<\/p><p>All the books are inventoried, coded and identified and a record of their movements is registerd<\/p><p>The Library operates regularly in <strong>SPEP &#8211; Sociedade Promotora de Educa\u00e7\u00e3o Popular<\/strong>, located at Largo das Fontainhas 19, in Lisbon. Its opening hours coincide with the <strong>Milonga A Promotora<\/strong> from 9:30 pm on the 4th Saturday of each month until 2:30 am of the following day, or during the activities of the <strong>Associa\u00e7\u00e3o Promotora de Tango Social<\/strong>, in the same place.<\/p><p>As it is an itinerant library, it can also be found in other places, in organized events or in which the <strong>Associa\u00e7\u00e3o Promotora de Tango Social<\/strong> participates.<\/p><p>The books are available and can be freely consulted during the <strong>Milonga A Promotora<\/strong> or other events.<\/p><p>The books can be requested free of charge for loans, after filling up and approved the loan form. This form must be signed by the reader and a person responsible for the Library.<\/p><p>Only associates of the Library can request books for loans.<br \/>Some books are classified and can only be consulted but not requested for home loans.<br \/>If necessary, the reader can request a classified works to be read or consulted at a date and place to be agreed with the Library\u2019s responsible. The date and place are dependent on the availability of place and the collaborator \/ volunteer of the <strong>Associa\u00e7\u00e3o Promotora de Tango Social<\/strong>.<br \/>Each reader cannot order more than one book at the same time.<br \/>The requested books must be returned until the next edition of the<strong> Milonga A Promotora<\/strong>, during the milonga or other activities of the <strong>Associa\u00e7\u00e3o Promotora de Tango Social<\/strong>, or, in specific cases. at a date and time to be agreed with the Library\u2019s responsible.<br \/>The books must be returned in the same state of conservation in which they were requested.<br \/>The return of a book is completed after filling in the respective fields of the loan form and signatures of the reader and a Library\u2019s responsible.<\/p><p>Reproduction, complete and \/ or partial, of the works is not permitted in accordance with the copyright Portuguese law, considering the exceptions provided for by law. Any infraction is the sole responsibility of the user.<br \/>Failure to comply with these conditions can lead to the suspension of the reader, preventing him from ordering other books.<br \/>To be a member, it is necessary to fill in the form available and to pay the value of the corresponding fee.<\/p>\t\t\t\t\t\t\t\t<\/div>\n\t\t\t\t<\/div>\n\t\t\t\t\t<\/div>\n\t\t<\/div>\n\t\t\t\t\t<\/div>\n\t\t<\/section>\n\t\t\t\t<\/div>\n\t\t","protected":false},"excerpt":{"rendered":"<p>Regulamento A Associa\u00e7\u00e3o Promotora de Tango Social pretende difundir o conhecimento sobre o Tango Argentino em todas as suas vertentes e, com esse objetivo, gere uma biblioteca itinerante sem fins lucrativos. Fazem parte da Biblioteca obras que s\u00e3o propriedade da Associa\u00e7\u00e3o Promotora de Tango Social e obras que a ela lhe s\u00e3o confiadas, podendo permanecer [&hellip;]<\/p>\n","protected":false},"author":1,"featured_media":0,"parent":0,"menu_order":0,"comment_status":"closed","ping_status":"closed","template":"page-templates\/pagebuilder.php","meta":{"_acf_changed":false,"zakra_sidebar_layout":"stretched","zakra_remove_content_margin":false,"zakra_sidebar":"customizer","zakra_transparent_header":"0","zakra_logo":0,"zakra_main_header_style":"default","zakra_menu_item_color":"","zakra_menu_item_hover_color":"","zakra_menu_item_active_color":"","zakra_menu_active_style":"","zakra_page_header":true,"footnotes":""},"class_list":["post-786","page","type-page","status-publish","hentry"],"acf":[],"_links":{"self":[{"href":"https:\/\/milonga-a-promotora.pt\/bib\/wp-json\/wp\/v2\/pages\/786","targetHints":{"allow":["GET"]}}],"collection":[{"href":"https:\/\/milonga-a-promotora.pt\/bib\/wp-json\/wp\/v2\/pages"}],"about":[{"href":"https:\/\/milonga-a-promotora.pt\/bib\/wp-json\/wp\/v2\/types\/page"}],"author":[{"embeddable":true,"href":"https:\/\/milonga-a-promotora.pt\/bib\/wp-json\/wp\/v2\/users\/1"}],"replies":[{"embeddable":true,"href":"https:\/\/milonga-a-promotora.pt\/bib\/wp-json\/wp\/v2\/comments?post=786"}],"version-history":[{"count":6,"href":"https:\/\/milonga-a-promotora.pt\/bib\/wp-json\/wp\/v2\/pages\/786\/revisions"}],"predecessor-version":[{"id":1810,"href":"https:\/\/milonga-a-promotora.pt\/bib\/wp-json\/wp\/v2\/pages\/786\/revisions\/1810"}],"wp:attachment":[{"href":"https:\/\/milonga-a-promotora.pt\/bib\/wp-json\/wp\/v2\/media?parent=786"}],"curies":[{"name":"wp","href":"https:\/\/api.w.org\/{rel}","templated":true}]}}