{"id":9,"date":"2019-03-22T06:00:46","date_gmt":"2019-03-22T06:00:46","guid":{"rendered":"http:\/\/prickly-zebra.w6.wpsandbox.pro\/?page_id=9"},"modified":"2020-06-15T15:01:35","modified_gmt":"2020-06-15T15:01:35","slug":"home-2","status":"publish","type":"page","link":"https:\/\/milonga-a-promotora.pt\/bib\/","title":{"rendered":"Home"},"content":{"rendered":"\t\t<div data-elementor-type=\"wp-post\" data-elementor-id=\"9\" class=\"elementor elementor-9\">\n\t\t\t\t\t\t<section class=\"elementor-section elementor-top-section elementor-element elementor-element-2446108 elementor-section-content-middle elementor-section-boxed elementor-section-height-default elementor-section-height-default\" data-id=\"2446108\" data-element_type=\"section\" data-settings=\"{&quot;background_background&quot;:&quot;classic&quot;}\">\n\t\t\t\t\t\t\t<div class=\"elementor-background-overlay\"><\/div>\n\t\t\t\t\t\t\t<div class=\"elementor-container elementor-column-gap-default\">\n\t\t\t\t\t<div class=\"elementor-column elementor-col-50 elementor-top-column elementor-element elementor-element-b98b5c8 animated-fast elementor-invisible\" data-id=\"b98b5c8\" data-element_type=\"column\" data-settings=\"{&quot;animation&quot;:&quot;fadeInUp&quot;}\">\n\t\t\t<div class=\"elementor-widget-wrap elementor-element-populated\">\n\t\t\t\t\t\t<div class=\"elementor-element elementor-element-e12c9dd elementor-widget elementor-widget-heading\" data-id=\"e12c9dd\" data-element_type=\"widget\" data-settings=\"{&quot;_animation&quot;:&quot;none&quot;}\" data-widget_type=\"heading.default\">\n\t\t\t\t<div class=\"elementor-widget-container\">\n\t\t\t\t\t<h2 class=\"elementor-heading-title elementor-size-default\">Bem vindo<\/h2>\t\t\t\t<\/div>\n\t\t\t\t<\/div>\n\t\t\t\t<div class=\"elementor-element elementor-element-6ce3143 elementor-widget-divider--view-line elementor-widget elementor-widget-divider\" data-id=\"6ce3143\" data-element_type=\"widget\" data-widget_type=\"divider.default\">\n\t\t\t\t<div class=\"elementor-widget-container\">\n\t\t\t\t\t\t\t<div class=\"elementor-divider\">\n\t\t\t<span class=\"elementor-divider-separator\">\n\t\t\t\t\t\t<\/span>\n\t\t<\/div>\n\t\t\t\t\t\t<\/div>\n\t\t\t\t<\/div>\n\t\t\t\t<div class=\"elementor-element elementor-element-56abbf6 elementor-widget elementor-widget-text-editor\" data-id=\"56abbf6\" data-element_type=\"widget\" data-widget_type=\"text-editor.default\">\n\t\t\t\t<div class=\"elementor-widget-container\">\n\t\t\t\t\t\t\t\t\t<p>A biblioteca da Associa\u00e7\u00e3o Promotora de Tango Social, fundada em 2014 em Lisboa, \u00e9 uma biblioteca p\u00fablica especializada em Tango Argentino e \u00e9 o resultado do esfor\u00e7o e dedica\u00e7\u00e3o dos seus promotores e de todos os que para ela t\u00eam contribu\u00eddo.<\/p>\t\t\t\t\t\t\t\t<\/div>\n\t\t\t\t<\/div>\n\t\t\t\t<div class=\"elementor-element elementor-element-e9aaf44 elementor-widget elementor-widget-heading\" data-id=\"e9aaf44\" data-element_type=\"widget\" data-settings=\"{&quot;_animation&quot;:&quot;none&quot;}\" data-widget_type=\"heading.default\">\n\t\t\t\t<div class=\"elementor-widget-container\">\n\t\t\t\t\t<h2 class=\"elementor-heading-title elementor-size-default\">Welcome<\/h2>\t\t\t\t<\/div>\n\t\t\t\t<\/div>\n\t\t\t\t<div class=\"elementor-element elementor-element-fc63226 elementor-widget elementor-widget-text-editor\" data-id=\"fc63226\" data-element_type=\"widget\" data-widget_type=\"text-editor.default\">\n\t\t\t\t<div class=\"elementor-widget-container\">\n\t\t\t\t\t\t\t\t\t<p>The library of the Associa\u00e7\u00e3o Promotora de Tango Social, founded in 2014, in Lisbon, is a public library specialized in Argentine Tango and is the result of the effort and dedication of its promoters and all those who have contributed to it.<\/p>\t\t\t\t\t\t\t\t<\/div>\n\t\t\t\t<\/div>\n\t\t\t\t\t<\/div>\n\t\t<\/div>\n\t\t\t\t<div class=\"elementor-column elementor-col-50 elementor-top-column elementor-element elementor-element-da57867\" data-id=\"da57867\" data-element_type=\"column\">\n\t\t\t<div class=\"elementor-widget-wrap elementor-element-populated\">\n\t\t\t\t\t\t<div class=\"elementor-element elementor-element-59985c5 elementor-pagination-position-outside elementor-widget elementor-widget-image-carousel\" data-id=\"59985c5\" data-element_type=\"widget\" data-settings=\"{&quot;slides_to_show&quot;:&quot;1&quot;,&quot;navigation&quot;:&quot;dots&quot;,&quot;autoplay&quot;:&quot;yes&quot;,&quot;pause_on_hover&quot;:&quot;yes&quot;,&quot;pause_on_interaction&quot;:&quot;yes&quot;,&quot;autoplay_speed&quot;:5000,&quot;infinite&quot;:&quot;yes&quot;,&quot;effect&quot;:&quot;slide&quot;,&quot;speed&quot;:500}\" data-widget_type=\"image-carousel.default\">\n\t\t\t\t<div class=\"elementor-widget-container\">\n\t\t\t\t\t\t\t<div class=\"elementor-image-carousel-wrapper swiper\" role=\"region\" aria-roledescription=\"carousel\" aria-label=\"Carrossel de imagens\" dir=\"ltr\">\n\t\t\t<div class=\"elementor-image-carousel swiper-wrapper\" aria-live=\"off\">\n\t\t\t\t\t\t\t\t<div class=\"swiper-slide\" role=\"group\" aria-roledescription=\"slide\" aria-label=\"1 of 3\"><figure class=\"swiper-slide-inner\"><img decoding=\"async\" class=\"swiper-slide-image\" src=\"https:\/\/milonga-a-promotora.pt\/bib\/wp-content\/uploads\/2020\/05\/corrocel01.png\" alt=\"corrocel01\" \/><\/figure><\/div><div class=\"swiper-slide\" role=\"group\" aria-roledescription=\"slide\" aria-label=\"2 of 3\"><figure class=\"swiper-slide-inner\"><img decoding=\"async\" class=\"swiper-slide-image\" src=\"https:\/\/milonga-a-promotora.pt\/bib\/wp-content\/uploads\/2020\/05\/corrocel02.png\" alt=\"corrocel02\" \/><\/figure><\/div><div class=\"swiper-slide\" role=\"group\" aria-roledescription=\"slide\" aria-label=\"3 of 3\"><figure class=\"swiper-slide-inner\"><img decoding=\"async\" class=\"swiper-slide-image\" src=\"https:\/\/milonga-a-promotora.pt\/bib\/wp-content\/uploads\/2020\/05\/corrocel03.png\" alt=\"corrocel03\" \/><\/figure><\/div>\t\t\t<\/div>\n\t\t\t\t\t\t\t\n\t\t\t\t\t\t\t\t\t<div class=\"swiper-pagination\"><\/div>\n\t\t\t\t\t\t\t\t\t<\/div>\n\t\t\t\t\t\t<\/div>\n\t\t\t\t<\/div>\n\t\t\t\t\t<\/div>\n\t\t<\/div>\n\t\t\t\t\t<\/div>\n\t\t<\/section>\n\t\t\t\t<section class=\"elementor-section elementor-top-section elementor-element elementor-element-0689c20 elementor-section-height-min-height elementor-section-content-space-between elementor-section-boxed elementor-section-height-default elementor-section-items-middle\" data-id=\"0689c20\" data-element_type=\"section\">\n\t\t\t\t\t\t<div class=\"elementor-container elementor-column-gap-default\">\n\t\t\t\t\t<div class=\"elementor-column elementor-col-100 elementor-top-column elementor-element elementor-element-578e2a9\" data-id=\"578e2a9\" data-element_type=\"column\">\n\t\t\t<div class=\"elementor-widget-wrap elementor-element-populated\">\n\t\t\t\t\t\t<div class=\"elementor-element elementor-element-b453af1 elementor-widget elementor-widget-ucaddon_icon_pointer_button\" data-id=\"b453af1\" data-element_type=\"widget\" data-widget_type=\"ucaddon_icon_pointer_button.default\">\n\t\t\t\t<div class=\"elementor-widget-container\">\n\t\t\t\t\t\n<!-- start Icon Pointer Button -->\n\t\t<link id='font-awesome-css' href='https:\/\/milonga-a-promotora.pt\/bib\/wp-content\/plugins\/unlimited-elements-for-elementor\/assets_libraries\/font-awesome6\/fontawesome-all.min.css' type='text\/css' rel='stylesheet' >\n\t\t<link id='font-awesome-4-shim-css' href='https:\/\/milonga-a-promotora.pt\/bib\/wp-content\/plugins\/unlimited-elements-for-elementor\/assets_libraries\/font-awesome6\/fontawesome-v4-shims.min.css' type='text\/css' rel='stylesheet' >\n\t\t<link id='uc_ac_assets_file_uc_white_icon_button_css_0-css' href='https:\/\/milonga-a-promotora.pt\/bib\/wp-content\/uploads\/ac_assets\/uc_white_icon_button\/uc_white_icon_button.css' type='text\/css' rel='stylesheet' >\n\n<style>\/* widget: Icon Pointer Button *\/\n\n#uc_icon_pointer_button_elementor_b453af1 *{\n\tmargin:0;\n\tbox-sizing: border-box;\n}\n#uc_icon_pointer_button_elementor_b453af1 .uc_container_holder {\n\tposition:relative;\n\ttext-align:center;\n}\n\n#uc_icon_pointer_button_elementor_b453af1 .uc_container_holder button {\n\tposition: relative;\n\tmargin: 0;\n\tpadding: 1em;\n\tz-index: 1;\n}\n\n#uc_icon_pointer_button_elementor_b453af1 .uc_container_holder .uc_btn {\n\tborder: none;\n\tfont-family: inherit;\n\tfont-size: inherit;\n\tcolor: #fff;\n\tbackground: #C54D0C;\n\tcursor: pointer;\n\tdisplay: inline-block;\n\tmargin: 5px;\n\tletter-spacing: 1px;\n\tfont-weight: 700;\n\toutline: none;\n\tposition: relative;\n\n\ttransition: all 0.3s;\n}\n#uc_icon_pointer_button_elementor_b453af1 .uc_container_holder .uc_btn:after {\n\tcontent: '';\n\tposition: absolute;\n\tz-index: -1;\n\t-webkit-transition: all 0.3s;\n\t-moz-transition: all 0.3s;\n\ttransition: all 0.3s;\n}\n\n\n#uc_icon_pointer_button_elementor_b453af1 .uc_container_holder .uc_btn-3:before {\n\tposition: absolute;\n\theight: 100%;\n\tleft: 0;\n\ttop: 0;\n\tline-height: 3;\n\tfont-size: 140%;\n\twidth: 60px;\n}\n\n\n#uc_icon_pointer_button_elementor_b453af1 .uc_container_holder .uc_btn-3d {\n\tpadding-left:80px;\n\tborder-radius: 10px;\n}\n#uc_icon_pointer_button_elementor_b453af1 .uc_container_holder .uc_btn-3d:before {\n\tbackground: #fff;\n\tcolor: #C54D0C;\n\tz-index: 2;\n\tborder-radius: 10px 0 0 10px;\n}\n\n#uc_icon_pointer_button_elementor_b453af1 .uc_container_holder .uc_btn-3d:after {\n\twidth: 20px;\n\theight: 20px;\n\tbackground: #ffffff;\n\tz-index: -1;\n\tleft: 55px;\n\ttop: 50%;\n\tmargin: -10px 0 0 -10px;\n\t-webkit-transform: rotate(45deg);\n\t-moz-transform: rotate(45deg);\n\t-ms-transform: rotate(45deg);\n\ttransform: rotate(45deg);\n}\n#uc_icon_pointer_button_elementor_b453af1 .uc_container_holder .uc_btn-3d:before {\n\tcolor: #f58500;\n}\n\n#uc_icon_pointer_button_elementor_b453af1 .uc_container_holder .uc_btn-3d:active {\n\ttop: 0;\n}\n\n\n\n#uc_icon_pointer_button_elementor_b453af1 .uc_container_holder .uc_btn i{\n\tposition:absolute;\n\ttop:0;\n\tleft:0;\n\twidth:60px;\n\theight:100%;\n\ttext-align:center;\n\tbackground:#ffffff;\n\tborder-radius:10px 0 0 10px;\t\n\tcolor:#C54D0C;\n\tfont-size:26px;\n\tline-height:52px;\n\t\n}\n\n\n\n\n.uc_white_icon_button .uc_container_holder .uc_color-1\n{\n  background:none;\n}\n.uc_color-1 a {\n    color: #ffffff;\n    text-decoration: none;\n}\n.uc_white_icon_button .uc_container_holder .uc_btn-3 {\n\tbackground: #fcad26;\n\tcolor: #fff;\n}\n\n<\/style>\n\n<div class=\"uc_white_icon_button\" id=\"uc_icon_pointer_button_elementor_b453af1\">\n    \t<div class=\"uc_container_holder\">\n            <div class=\"uc_color-1\">\n                <a href=\"https:\/\/milonga-a-promotora.pt\/bib\/pesquisa\/\" ><button class=\"uc_btn uc_btn-3 uc_btn-3d\"  >\n                  <i class=\"fas fa-search-plus\" aria-hidden=\"true\" ><\/i> \n                  Procurar uma obra \/ Search an item<\/button>\n              <\/a>\n            <\/div>  \n        <\/div>\n<\/div>\n<!-- end Icon Pointer Button -->\t\t\t\t<\/div>\n\t\t\t\t<\/div>\n\t\t\t\t<div class=\"elementor-element elementor-element-16509ae elementor-widget elementor-widget-heading\" data-id=\"16509ae\" data-element_type=\"widget\" data-widget_type=\"heading.default\">\n\t\t\t\t<div class=\"elementor-widget-container\">\n\t\t\t\t\t<h2 class=\"elementor-heading-title elementor-size-default\">As novidades na Biblioteca<\/h2>\t\t\t\t<\/div>\n\t\t\t\t<\/div>\n\t\t\t\t<div class=\"elementor-element elementor-element-9afa2bd elementor-grid-4 elementor-grid-tablet-2 elementor-grid-mobile-1 elementor-widget elementor-widget-elementor-blog-posts\" data-id=\"9afa2bd\" data-element_type=\"widget\" data-settings=\"{&quot;columns&quot;:&quot;4&quot;,&quot;columns_tablet&quot;:&quot;2&quot;,&quot;columns_mobile&quot;:&quot;1&quot;}\" data-widget_type=\"elementor-blog-posts.default\">\n\t\t\t\t<div class=\"elementor-widget-container\">\n\t\t\t\t\t\t\t<div class=\"wpcap-grid\">\n\t\t\t\t\t\t<div class=\"wpcap-grid-container elementor-grid wpcap-grid-desktop-4 wpcap-grid-tablet-2 wpcap-grid-mobile-1\">\n\n\t\t\t\t\n        <article id=\"post-1829\" class=\"wpcap-post post-1829 post type-post status-publish format-standard has-post-thumbnail hentry category-ingles category-livro\">\n         \n            <div class=\"post-grid-inner\">\n            \t\n            \t\t\t\t<div class=\"post-grid-thumbnail\">\n\t\t\t\t<a href=\"https:\/\/milonga-a-promotora.pt\/bib\/2020\/08\/03\/tango-masters-anibal-troilo\/\">\n\t\t\t\t\t<img fetchpriority=\"high\" decoding=\"async\" width=\"252\" height=\"380\" src=\"https:\/\/milonga-a-promotora.pt\/bib\/wp-content\/uploads\/2020\/08\/174.jpg\" class=\"attachment-full size-full wp-post-image\" alt=\"\" srcset=\"https:\/\/milonga-a-promotora.pt\/bib\/wp-content\/uploads\/2020\/08\/174.jpg 252w, https:\/\/milonga-a-promotora.pt\/bib\/wp-content\/uploads\/2020\/08\/174-199x300.jpg 199w\" sizes=\"(max-width: 252px) 100vw, 252px\" \/>\t\t\t\t<\/a>\n\t\t\t<\/div>\n        \n                <div class=\"post-grid-text-wrap\">\n               \t\t\t                \t                \t                                <\/div>\n\n            <\/div><!-- .blog-inner -->\n           \n        <\/article>\n\n        \n        <article id=\"post-1828\" class=\"wpcap-post post-1828 post type-post status-publish format-standard has-post-thumbnail hentry category-ingles category-livro\">\n         \n            <div class=\"post-grid-inner\">\n            \t\n            \t\t\t\t<div class=\"post-grid-thumbnail\">\n\t\t\t\t<a href=\"https:\/\/milonga-a-promotora.pt\/bib\/2020\/08\/03\/tango-masters-carlos-di-sarli\/\">\n\t\t\t\t\t<img decoding=\"async\" width=\"251\" height=\"380\" src=\"https:\/\/milonga-a-promotora.pt\/bib\/wp-content\/uploads\/2020\/08\/173.jpg\" class=\"attachment-full size-full wp-post-image\" alt=\"\" srcset=\"https:\/\/milonga-a-promotora.pt\/bib\/wp-content\/uploads\/2020\/08\/173.jpg 251w, https:\/\/milonga-a-promotora.pt\/bib\/wp-content\/uploads\/2020\/08\/173-198x300.jpg 198w\" sizes=\"(max-width: 251px) 100vw, 251px\" \/>\t\t\t\t<\/a>\n\t\t\t<\/div>\n        \n                <div class=\"post-grid-text-wrap\">\n               \t\t\t                \t                \t                                <\/div>\n\n            <\/div><!-- .blog-inner -->\n           \n        <\/article>\n\n        \n        <article id=\"post-1827\" class=\"wpcap-post post-1827 post type-post status-publish format-standard has-post-thumbnail hentry category-ingles category-livro\">\n         \n            <div class=\"post-grid-inner\">\n            \t\n            \t\t\t\t<div class=\"post-grid-thumbnail\">\n\t\t\t\t<a href=\"https:\/\/milonga-a-promotora.pt\/bib\/2020\/08\/03\/tangofulness\/\">\n\t\t\t\t\t<img decoding=\"async\" width=\"251\" height=\"380\" src=\"https:\/\/milonga-a-promotora.pt\/bib\/wp-content\/uploads\/2020\/08\/172.jpg\" class=\"attachment-full size-full wp-post-image\" alt=\"\" srcset=\"https:\/\/milonga-a-promotora.pt\/bib\/wp-content\/uploads\/2020\/08\/172.jpg 251w, https:\/\/milonga-a-promotora.pt\/bib\/wp-content\/uploads\/2020\/08\/172-198x300.jpg 198w\" sizes=\"(max-width: 251px) 100vw, 251px\" \/>\t\t\t\t<\/a>\n\t\t\t<\/div>\n        \n                <div class=\"post-grid-text-wrap\">\n               \t\t\t                \t                \t                                <\/div>\n\n            <\/div><!-- .blog-inner -->\n           \n        <\/article>\n\n        \n        <article id=\"post-1826\" class=\"wpcap-post post-1826 post type-post status-publish format-standard has-post-thumbnail hentry category-ingles category-livro\">\n         \n            <div class=\"post-grid-inner\">\n            \t\n            \t\t\t\t<div class=\"post-grid-thumbnail\">\n\t\t\t\t<a href=\"https:\/\/milonga-a-promotora.pt\/bib\/2020\/08\/03\/tango-tips-by-the-maestros\/\">\n\t\t\t\t\t<img loading=\"lazy\" decoding=\"async\" width=\"273\" height=\"380\" src=\"https:\/\/milonga-a-promotora.pt\/bib\/wp-content\/uploads\/2020\/08\/171.jpg\" class=\"attachment-full size-full wp-post-image\" alt=\"\" srcset=\"https:\/\/milonga-a-promotora.pt\/bib\/wp-content\/uploads\/2020\/08\/171.jpg 273w, https:\/\/milonga-a-promotora.pt\/bib\/wp-content\/uploads\/2020\/08\/171-216x300.jpg 216w\" sizes=\"(max-width: 273px) 100vw, 273px\" \/>\t\t\t\t<\/a>\n\t\t\t<\/div>\n        \n                <div class=\"post-grid-text-wrap\">\n               \t\t\t                \t                \t                                <\/div>\n\n            <\/div><!-- .blog-inner -->\n           \n        <\/article>\n\n        \n\t\t\t<\/div>\n\t\t<\/div>\n\t\t\t\t\t\t<\/div>\n\t\t\t\t<\/div>\n\t\t\t\t\t<\/div>\n\t\t<\/div>\n\t\t\t\t\t<\/div>\n\t\t<\/section>\n\t\t\t\t<\/div>\n\t\t","protected":false},"excerpt":{"rendered":"<p>Bem vindo A biblioteca da Associa\u00e7\u00e3o Promotora de Tango Social, fundada em 2014 em Lisboa, \u00e9 uma biblioteca p\u00fablica especializada em Tango Argentino e \u00e9 o resultado do esfor\u00e7o e dedica\u00e7\u00e3o dos seus promotores e de todos os que para ela t\u00eam contribu\u00eddo. Welcome The library of the Associa\u00e7\u00e3o Promotora de Tango Social, founded in [&hellip;]<\/p>\n","protected":false},"author":1,"featured_media":0,"parent":0,"menu_order":0,"comment_status":"closed","ping_status":"closed","template":"page-templates\/pagebuilder.php","meta":{"_acf_changed":false,"zakra_sidebar_layout":"stretched","zakra_remove_content_margin":false,"zakra_sidebar":"customizer","zakra_transparent_header":"0","zakra_logo":0,"zakra_main_header_style":"default","zakra_menu_item_color":"","zakra_menu_item_hover_color":"","zakra_menu_item_active_color":"","zakra_menu_active_style":"","zakra_page_header":true,"footnotes":""},"class_list":["post-9","page","type-page","status-publish","hentry"],"acf":[],"_links":{"self":[{"href":"https:\/\/milonga-a-promotora.pt\/bib\/wp-json\/wp\/v2\/pages\/9","targetHints":{"allow":["GET"]}}],"collection":[{"href":"https:\/\/milonga-a-promotora.pt\/bib\/wp-json\/wp\/v2\/pages"}],"about":[{"href":"https:\/\/milonga-a-promotora.pt\/bib\/wp-json\/wp\/v2\/types\/page"}],"author":[{"embeddable":true,"href":"https:\/\/milonga-a-promotora.pt\/bib\/wp-json\/wp\/v2\/users\/1"}],"replies":[{"embeddable":true,"href":"https:\/\/milonga-a-promotora.pt\/bib\/wp-json\/wp\/v2\/comments?post=9"}],"version-history":[{"count":64,"href":"https:\/\/milonga-a-promotora.pt\/bib\/wp-json\/wp\/v2\/pages\/9\/revisions"}],"predecessor-version":[{"id":1824,"href":"https:\/\/milonga-a-promotora.pt\/bib\/wp-json\/wp\/v2\/pages\/9\/revisions\/1824"}],"wp:attachment":[{"href":"https:\/\/milonga-a-promotora.pt\/bib\/wp-json\/wp\/v2\/media?parent=9"}],"curies":[{"name":"wp","href":"https:\/\/api.w.org\/{rel}","templated":true}]}}