{"id":1050,"date":"2019-07-18T12:17:14","date_gmt":"2019-07-18T12:17:14","guid":{"rendered":"https:\/\/milonga-a-promotora.pt\/wpp\/?page_id=1050"},"modified":"2025-09-05T11:35:45","modified_gmt":"2025-09-05T11:35:45","slug":"978-2-copy-copy","status":"publish","type":"page","link":"https:\/\/milonga-a-promotora.pt\/wpp\/978-2-copy-copy\/","title":{"rendered":"A Milonga"},"content":{"rendered":"\n\n\t\t\t\t<img decoding=\"async\" src=\"https:\/\/milonga-a-promotora.pt\/wpp\/wp-content\/uploads\/2019\/07\/milongapromotora-1.jpg\" alt=\"milongapromotora\" itemprop=\"image\" height=\"80\" width=\"477\" title=\"milongapromotora\" onerror=\"this.style.display='none'\" loading=\"lazy\" \/>\n\t<p>A<strong> milonga A Promotora<\/strong> \u00e9 uma milonga \/ &#8220;baile&#8221; tradicional de tango argentino onde a m\u00fasica \u00e9 seleccionada respeitando as Orquestras T\u00edpicas que deram e d\u00e3o vida \u00e0 cultura desta dan\u00e7a social.<\/p>\n<p>\u00c9 uma Milonga Mensal, amig\u00e1vel e tradicional onde se respeita os &#8220;c\u00f3digos da milonga&#8221;, onde se dan\u00e7a nas &#8220;lineas de baile&#8221; y se convida &#8220;por mirada y cabeceo&#8221;.<\/p>\n<p>Realiza-se ao 4\u00ba S\u00c1BADO de cada m\u00eas das 21h00 \u00e0s 01h00.<\/p>\n<p>Aula aberta da 20h00 \u00e0s 21h00.<\/p>\n<p>Entrada: 8\u20ac (Aula e Milonga)<\/p>\n<p>Local: Externato A Promotora: Largo das Fontainhas n\u00ba19, Alc\u00e2ntara,<\/p>\n<p>1300-255 Lisboa<\/p>\n\t<p>The <strong>milonga A Promotora<\/strong> is a traditional Milonga where the muscic is selected respecting the Orquestas Tipicas that gave life to the culture of this social dance.<\/p>\n<p>It\u00b4s a monthly milonga, friendly where the milonga codes are respected and where people dance in the &#8220;lines of dancing&#8221; and invite by &#8220;mirada and cabeceo&#8221;.<\/p>\n<p>The milonga happens every 4th Saturday of the month, from 21h00 to 01h00.<\/p>\n<p>Where: Externato A Promotora<\/p>\n<p>Address: Largo das Fontainhas n\u00ba19, Alc\u00e2ntara,<\/p>\n<p>1300-255 Lisboa<\/p>\n\n","protected":false},"excerpt":{"rendered":"<div class=\"entry-summary\">\n<div class=\"entry-summary\">\nA milonga A Promotora \u00e9 uma milonga \/ &#8220;baile&#8221; tradicional de tango&hellip;\n<\/div>\n<div class=\"link-more\"><a href=\"https:\/\/milonga-a-promotora.pt\/wpp\/978-2-copy-copy\/\" class=\"more-link\">Continue reading<span class=\"screen-reader-text\"> &ldquo;A Milonga&rdquo;<\/span>&hellip;<\/a><\/div>\n<\/div>\n<div class=\"link-more\"><a href=\"https:\/\/milonga-a-promotora.pt\/wpp\/978-2-copy-copy\/\" class=\"more-link\">Continue reading<span class=\"screen-reader-text\"> &ldquo;A Milonga&rdquo;<\/span>&hellip;<\/a><\/div>\n","protected":false},"author":1,"featured_media":0,"parent":0,"menu_order":0,"comment_status":"closed","ping_status":"closed","template":"page-template\/_fullwidth.php","meta":{"_acf_changed":false,"footnotes":""},"class_list":["post-1050","page","type-page","status-publish","hentry","entry"],"acf":[],"_links":{"self":[{"href":"https:\/\/milonga-a-promotora.pt\/wpp\/wp-json\/wp\/v2\/pages\/1050","targetHints":{"allow":["GET"]}}],"collection":[{"href":"https:\/\/milonga-a-promotora.pt\/wpp\/wp-json\/wp\/v2\/pages"}],"about":[{"href":"https:\/\/milonga-a-promotora.pt\/wpp\/wp-json\/wp\/v2\/types\/page"}],"author":[{"embeddable":true,"href":"https:\/\/milonga-a-promotora.pt\/wpp\/wp-json\/wp\/v2\/users\/1"}],"replies":[{"embeddable":true,"href":"https:\/\/milonga-a-promotora.pt\/wpp\/wp-json\/wp\/v2\/comments?post=1050"}],"version-history":[{"count":17,"href":"https:\/\/milonga-a-promotora.pt\/wpp\/wp-json\/wp\/v2\/pages\/1050\/revisions"}],"predecessor-version":[{"id":1879,"href":"https:\/\/milonga-a-promotora.pt\/wpp\/wp-json\/wp\/v2\/pages\/1050\/revisions\/1879"}],"wp:attachment":[{"href":"https:\/\/milonga-a-promotora.pt\/wpp\/wp-json\/wp\/v2\/media?parent=1050"}],"curies":[{"name":"wp","href":"https:\/\/api.w.org\/{rel}","templated":true}]}}