{"id":1192,"date":"2019-07-19T13:52:47","date_gmt":"2019-07-19T13:52:47","guid":{"rendered":"https:\/\/milonga-a-promotora.pt\/wpp\/?page_id=1192"},"modified":"2025-09-05T15:45:53","modified_gmt":"2025-09-05T15:45:53","slug":"1192-2","status":"publish","type":"page","link":"https:\/\/milonga-a-promotora.pt\/wpp\/1192-2\/","title":{"rendered":"O Encontro"},"content":{"rendered":"\n\n\t\t\t\t<img decoding=\"async\" src=\"https:\/\/milonga-a-promotora.pt\/wpp\/wp-content\/uploads\/2025\/09\/text2.png\" alt=\"text2\" itemprop=\"image\" height=\"127\" width=\"580\" title=\"text2\" onerror=\"this.style.display='none'\" loading=\"lazy\" \/>\n\t\t\t\n\t<h4><a href=\"https:\/\/milonga-a-promotora.pt\/wpp\/1251-2-copy-5\/\"><img loading=\"lazy\" decoding=\"async\" src=\"https:\/\/milonga-a-promotora.pt\/wpp\/wp-content\/uploads\/2019\/08\/falemanha.png\" alt=\"\" width=\"38\" height=\"39\" \/>Informationen in Deutsch<\/a><\/h4>\n\t<h4><a href=\"https:\/\/milonga-a-promotora.pt\/wpp\/1251-2-copy-4\/\"><img loading=\"lazy\" decoding=\"async\" src=\"https:\/\/milonga-a-promotora.pt\/wpp\/wp-content\/uploads\/2019\/08\/wp1b88139a_06.png\" alt=\"\" width=\"38\" height=\"39\" \/> Information in English<\/a><\/h4>\n\t<h4><a href=\"https:\/\/milonga-a-promotora.pt\/wpp\/1251-2-copy-3\/\"><img loading=\"lazy\" decoding=\"async\" src=\"https:\/\/milonga-a-promotora.pt\/wpp\/wp-content\/uploads\/2019\/08\/wp5f88fd3d_06.png\" alt=\"\" width=\"38\" height=\"39\" \/> Informaci\u00f3n en espa\u00f1ol<\/a><\/h4>\n\t<h4><a href=\"https:\/\/milonga-a-promotora.pt\/wpp\/1251-2-copy-2\/\"><img loading=\"lazy\" decoding=\"async\" src=\"https:\/\/milonga-a-promotora.pt\/wpp\/wp-content\/uploads\/2019\/08\/wp242eb80f_06.png\" alt=\"\" width=\"38\" height=\"39\" \/> Informations en Fran\u00e7ais<\/a><\/h4>\n\t<h4><a href=\"https:\/\/milonga-a-promotora.pt\/wpp\/1251-2-copy\/\"><img loading=\"lazy\" decoding=\"async\" src=\"https:\/\/milonga-a-promotora.pt\/wpp\/wp-content\/uploads\/2019\/08\/wp1d494e88_06.png\" alt=\"\" width=\"38\" height=\"39\" \/> Informazioni in italiano<\/a><\/h4>\n\t<h4><a href=\"https:\/\/milonga-a-promotora.pt\/wpp\/1251-2\/\"><img loading=\"lazy\" decoding=\"async\" src=\"https:\/\/milonga-a-promotora.pt\/wpp\/wp-content\/uploads\/2019\/08\/wpf11f5c2a_06.png\" alt=\"\" width=\"38\" height=\"39\" \/> Informa\u00e7\u00e3o em Portugu\u00eas<\/a><\/h4>\n\n","protected":false},"excerpt":{"rendered":"<div class=\"entry-summary\">\n<div class=\"entry-summary\">\nInformationen in Deutsch Information in English Informaci\u00f3n en espa\u00f1ol Informations en Fran\u00e7ais&hellip;\n<\/div>\n<div class=\"link-more\"><a href=\"https:\/\/milonga-a-promotora.pt\/wpp\/1192-2\/\" class=\"more-link\">Continue reading<span class=\"screen-reader-text\"> &ldquo;O Encontro&rdquo;<\/span>&hellip;<\/a><\/div>\n<\/div>\n<div class=\"link-more\"><a href=\"https:\/\/milonga-a-promotora.pt\/wpp\/1192-2\/\" class=\"more-link\">Continue reading<span class=\"screen-reader-text\"> &ldquo;O Encontro&rdquo;<\/span>&hellip;<\/a><\/div>\n","protected":false},"author":1,"featured_media":0,"parent":0,"menu_order":0,"comment_status":"closed","ping_status":"closed","template":"page-template\/_menu.php","meta":{"_acf_changed":false,"footnotes":""},"class_list":["post-1192","page","type-page","status-publish","hentry","entry"],"acf":[],"_links":{"self":[{"href":"https:\/\/milonga-a-promotora.pt\/wpp\/wp-json\/wp\/v2\/pages\/1192","targetHints":{"allow":["GET"]}}],"collection":[{"href":"https:\/\/milonga-a-promotora.pt\/wpp\/wp-json\/wp\/v2\/pages"}],"about":[{"href":"https:\/\/milonga-a-promotora.pt\/wpp\/wp-json\/wp\/v2\/types\/page"}],"author":[{"embeddable":true,"href":"https:\/\/milonga-a-promotora.pt\/wpp\/wp-json\/wp\/v2\/users\/1"}],"replies":[{"embeddable":true,"href":"https:\/\/milonga-a-promotora.pt\/wpp\/wp-json\/wp\/v2\/comments?post=1192"}],"version-history":[{"count":52,"href":"https:\/\/milonga-a-promotora.pt\/wpp\/wp-json\/wp\/v2\/pages\/1192\/revisions"}],"predecessor-version":[{"id":1897,"href":"https:\/\/milonga-a-promotora.pt\/wpp\/wp-json\/wp\/v2\/pages\/1192\/revisions\/1897"}],"wp:attachment":[{"href":"https:\/\/milonga-a-promotora.pt\/wpp\/wp-json\/wp\/v2\/media?parent=1192"}],"curies":[{"name":"wp","href":"https:\/\/api.w.org\/{rel}","templated":true}]}}