{"id":1298,"date":"2019-08-20T18:39:54","date_gmt":"2019-08-20T18:39:54","guid":{"rendered":"https:\/\/milonga-a-promotora.pt\/wpp\/?page_id=1298"},"modified":"2025-09-16T18:41:36","modified_gmt":"2025-09-16T18:41:36","slug":"1251-2-copy-2","status":"publish","type":"page","link":"https:\/\/milonga-a-promotora.pt\/wpp\/1251-2-copy-2\/","title":{"rendered":"Encontro 2020 Fr"},"content":{"rendered":"\n\n\t<p><img loading=\"lazy\" decoding=\"async\" src=\"https:\/\/milonga-a-promotora.pt\/wpp\/wp-content\/uploads\/2019\/08\/encontro.jpg\" alt=\"\" width=\"1419\" height=\"311\" \/><\/p>\n\t\t\t\t<img decoding=\"async\" src=\"https:\/\/milonga-a-promotora.pt\/wpp\/wp-content\/uploads\/2025\/09\/text2.png\" alt=\"text2\" itemprop=\"image\" height=\"127\" width=\"580\" title=\"text2\" onerror=\"this.style.display='none'\" loading=\"lazy\" \/>\n\t<p><img loading=\"lazy\" decoding=\"async\" src=\"https:\/\/milonga-a-promotora.pt\/wpp\/wp-content\/uploads\/2019\/08\/wp337a5ddf_06.png\" alt=\"\" width=\"204\" height=\"92\" \/><\/p>\n<p><em>\u00a0(disponibile 16 Septembre alle 21h (Portugal CET-1) \/ 22h (pour le centre de l&#8217;Europe CET)<\/em><\/p>\n<p><a href=\"http:\/\/regis.somee.com\/EMAPromotora2026\/?Lingua=4\" target=\"_blank\" rel=\"noopener\"><strong>LINK<\/strong><\/a><\/p>\n\t<p><img loading=\"lazy\" decoding=\"async\" src=\"https:\/\/milonga-a-promotora.pt\/wpp\/wp-content\/uploads\/2019\/08\/wpe023c161_06.png\" alt=\"\" width=\"225\" height=\"92\" \/><\/p>\n<p><strong>VENDREDI, 13 F\u00c9VRIER, 2026<\/strong><\/p>\n<p>22H00&#8212;-22H30: R\u00e9ception et Bienvenue<\/p>\n<p>22h30&#8212;-02h00: Milonga avec Dj Gato Milongueiro (PT)<\/p>\n<p><strong>SAMEDI, 14 F\u00c9VRIER, 2026<\/strong><\/p>\n<p>11h00&#8212;-12h30 : Conf\u00e9rence avec Michael Lavocah (UK) &#8211; Carlos di Sarli<\/p>\n<p>14H00&#8212;-18H00: Milonga avec Patr\u00edcia Santos (PT)<\/p>\n<p>21h00&#8212;&#8211;01h00: Milonga avec \u00a0Dj Graziano Sportelli (IT)<\/p>\n<p><strong>DIMANCHE, 15 F\u00c9VRIER, 2026<\/strong><\/p>\n<p>11h30&#8212;-12h30 : Conf\u00e9rence avec Michael Lavocah (UK) &#8211; Charlo<\/p>\n<p>14H00&#8212;-18H00: Milonga avec Dj Silencio (PT)<\/p>\n<p>21h00&#8212;&#8211;01h00: Milonga avec Dj Salima (IT)<\/p>\n<p><strong>LUNDI, 16 F\u00c9VRIER, 2026<\/strong><\/p>\n<p>13h00&#8212;&#8211;15h00: D\u00e9jeuner<\/p>\n<p>15H00&#8212;-21H00: Milonga avec Dj Lampis (GR\/USA)<\/p>\n<p><strong>MILONGA SUPPL\u00c9MENTAIRE<\/strong><\/p>\n<p><strong>MARDI, 17 F\u00c9VRIER, 2026<\/strong><\/p>\n<p>20h00&#8212;&#8211;00h00: Milonga avec Dj Lua (IT\/PT)<\/p>\n<p><img loading=\"lazy\" decoding=\"async\" src=\"https:\/\/milonga-a-promotora.pt\/wpp\/wp-content\/uploads\/2019\/08\/wpe7b54f24_06.png\" alt=\"\" width=\"151\" height=\"92\" \/><\/p>\n<p>Pack Milongas Encontro (13 a 16 de F\u00e9vrier): 175\u20ac<\/p>\n<p>(Boissons et snacks inclus)<\/p>\n<p>Milonga Suppl\u00e9mentaire 17 de F\u00e9vrier: 25\u20ac<\/p>\n<p>D\u00e9jeuner de lundi: 30\u20ac<\/p>\n\t<b><img loading=\"lazy\" decoding=\"async\" src=\"https:\/\/milonga-a-promotora.pt\/wpp\/wp-content\/uploads\/2019\/08\/wpf0b60ad4_06.png\" alt=\"\" width=\"90\" height=\"92\" \/><\/b>\n\n\n<b><img loading=\"lazy\" decoding=\"async\" src=\"https:\/\/milonga-a-promotora.pt\/wpp\/wp-content\/uploads\/2023\/09\/Gato-300x192.jpg\" alt=\"\" width=\"300\" height=\"192\" \/>Gato Milongueiro (PT)<\/b>\nC&#8217;est pour moi un grand privil\u00e8ge de pr\u00e9parer et g\u00e9rer la musicalit\u00e9 dans une milonga &#8211; au bout du compte, tout se r\u00e9sume en une difficile et exigeante attention envers tous les milongueiros pr\u00e9sents dans la salle de danse&#8230;\n&#8230;y siga el Tango!\n<b><img loading=\"lazy\" decoding=\"async\" src=\"https:\/\/milonga-a-promotora.pt\/wpp\/wp-content\/uploads\/2019\/08\/patricia-300x225.jpg\" alt=\"\" width=\"300\" height=\"225\" \/>Patr\u00edcia Santos (PT)<\/b>\nPatricia est n\u00e9e \u00e0 Porto (Portugal) est a d\u00e9couvert le Tango en 2005. Cinq ans plus tard elle a commenc\u00e9 djing au Milonga. Comme Milonguera elle croit \u00e0 l&#8217;impact de la music sur la piste de danse et elle essaie \u00e0 accentuer le caract\u00e8re de chaque orchestre, cr\u00e9ant ainsi une atmosph\u00e8re unique entre les milongueros. Elle est aussi l&#8217;organisatreur de l&#8217; Encontro Milonguero Ensue\u00f1os \u00e0 Porto.\n<img loading=\"lazy\" decoding=\"async\" src=\"https:\/\/milonga-a-promotora.pt\/wpp\/wp-content\/uploads\/2025\/09\/Sportelli-300x225.jpg\" alt=\"\" width=\"300\" height=\"225\" \/><b> Graziano Sportelli (IT)<\/b>\n<p>Je suis tomb\u00e9 amoureux du tango en 2005 en tant qu&#8217;amateur et danseur.<\/p>\n<p>D\u00e8s le d\u00e9but, je me suis passionn\u00e9 pour l&#8217;\u00e9tude de la musique de tango, si bien que j&#8217;ai eu la chance de devenir DJ r\u00e9sident d&#8217;une milonga r\u00e9guli\u00e8re dans ma province. Je joue \u00e9galement dans de nombreuses autres milongas et encuentros, dans les villes des Pouilles et en dehors de ma r\u00e9gion natale.<\/p>\n<p>Par la suite, mon travail de DJ a \u00e9t\u00e9 reconnu en Italie et en Europe notamment en Angleterre, France, Allemagne, Pologne, Belgique, Autriche, Portugal et en Espagne.<\/p>\n<p>Ma pr\u00e9f\u00e9rence musicale est le tango de &#8220;l&#8217;\u00e2ge d&#8217;or&#8221; et je resterai toujours attach\u00e9 \u00e0 la musique des ann\u00e9es 20 et 50.<\/p>\n<p>Cr\u00e9er de la bonne \u00e9nergie sur la piste est depuis toujours ma plus ch\u00e8re ambition!<\/p>\n<b><img loading=\"lazy\" decoding=\"async\" src=\"https:\/\/milonga-a-promotora.pt\/wpp\/wp-content\/uploads\/2019\/08\/silencio-300x225.jpg\" alt=\"\" width=\"300\" height=\"225\" \/>Silencio (PT)<\/b>\nLa musicalisation c&#8217;est l&#8217;art de prendre soin de ce que nous fait danser: la musique.\nCeux qui veulent le faire bien doivent \u00e9tudier toute leur vie.\nJe pense que le DJ de Tango doit se mettre \u00e0 la place du danseur avec coh\u00e9rence, intelligence, altruisme et intuition.\nJe soigneusement choisie chaque pi\u00e8ce pour trouver parmi les \u00e9motions musicales celle qui convient le mieux \u00e0 chaque milonguero.\nJe commence avec l&#8217;esprit du \u00ab Orchestre tipica \u00bb et je choisi et j&#8217;ajoute afin que tout le monde qui participe \u00e0 la milonga puisse vivre une belle et heureuse exp\u00e9rience.\nEtre responsable de la musicalisation sur une Milonga est un devoir que j&#8217;envisage avec beaucoup de joie parce les milonguerose estime comme moi avant tout l&#8217;abrazo et l&#8217;interpretation de la musique ce qui fait qu&#8217;une Milonga est un peu le \u00abciel sur terre\u00bb.\n<p><img loading=\"lazy\" decoding=\"async\" src=\"https:\/\/milonga-a-promotora.pt\/wpp\/wp-content\/uploads\/2025\/09\/Salima-300x169.jpg\" alt=\"\" width=\"300\" height=\"169\" \/><\/p>\n<p><b>Salima (IT)<\/b><\/p>\n<p>C&#8217;est par hasard que Salima a d\u00e9couvert le monde du tango. La premi\u00e8re fois qu&#8217;elle a abord\u00e9 une console de dj, c&#8217;\u00e9tait il y a de nombreuses ann\u00e9es, lors de la milonga que son \u00e9cole avait organis\u00e9e sur la place principale du centre ville de Conegliano (Tr\u00e9vise, Italie). D\u00e8s lors, elle s&#8217;est totalement impliqu\u00e9e dans l&#8217;\u00e9largissement de ses connaissances musicales, en ayant toujours \u00e0 l&#8217;esprit le c\u0153ur battant des danseurs. Le tango de Salima est traditionnel, mais jamais ordinaire. Elle est r\u00e9sidente TDJ \u00e0 &#8220;Blumilonga&#8221; \u00e0 Conegliano depuis presque une d\u00e9cennie. Elle joue r\u00e9guli\u00e8rement lors de manifestations, encuentros et milongas en Italie et \u00e0 l&#8217;\u00e9tranger.<\/p>\n<p>Sa devise est &#8220;Avant tout, de l&#8217;\u00e9nergie sur la piste de danse !&#8221;.<\/p>\n<p>Par-dessus tout, elle aime Juan D&#8217;Arienzo. Mais \u00e0 la console, elle sait doser le rythme et la douceur, m\u00e9langer diff\u00e9rentes \u00e9motions, \u00e0 vivre dans l&#8217;\u00e9treinte magique.<\/p>\n<b><img loading=\"lazy\" decoding=\"async\" src=\"https:\/\/milonga-a-promotora.pt\/wpp\/wp-content\/uploads\/2025\/09\/Lampis-300x200.jpg\" alt=\"\" width=\"300\" height=\"200\" \/>Lampis (GR\/USA)<\/b>\n<p>Lampis est fascin\u00e9 par le tango depuis deux d\u00e9cennies et cherche constamment \u00e0 approfondir sa compr\u00e9hension de cet art complexe. Jouer la bonne tanda au bon moment est essentiel pour une soir\u00e9e dansante riche en \u00e9motions, et c&#8217;est pr\u00e9cis\u00e9ment ce qu&#8217;il vise avec ses s\u00e9lections musicales. Lampis privil\u00e9gie la musique traditionnelle qui tient les danseurs sur la piste de danse jusqu&#8217;\u00e0 la fin de la milonga. Install\u00e9 \u00e0 Los Angeles, il est DJ r\u00e9guli\u00e8rement de nombreux \u00e9v\u00e9nements \u00e0 travers le monde.<\/p>\n<img loading=\"lazy\" decoding=\"async\" src=\"https:\/\/milonga-a-promotora.pt\/wpp\/wp-content\/uploads\/2025\/09\/Lua-300x200.jpg\" alt=\"\" width=\"300\" height=\"200\" \/>\n<b>Lua (IT\/PT)<\/b>\n<p>Lua est italienne et vit \u00e0 Lisbonne. Elle d\u00e9couvre le tango en 2004 en marchant le long des rives de la Seine et est compl\u00e8tement fascin\u00e9e.\u2028Depuis 2011, elle organise des \u00e9v\u00e9nements de tango \u00e0 Lisbonne (&#8220;Milonga da Lua&#8221;) et de DJing lors de milongas et encuentros \u00e0 travers l&#8217;Europe et les \u00c9tats-Unis. Pour elle, chaque milonga est unique. Chaque tanda raconte une histoire. Chaque tango rappelle des moments d\u00e9j\u00e0 dans\u00e9s. Aujourd&#8217;hui, sa s\u00e9lection musicale combine les go\u00fbts de tous les milongueros qu&#8217;elle a rencontr\u00e9s dans le tango.<\/p>\n\t<p><img loading=\"lazy\" decoding=\"async\" src=\"https:\/\/milonga-a-promotora.pt\/wpp\/wp-content\/uploads\/2019\/08\/wp742aa00f_06.png\" alt=\"\" width=\"444\" height=\"92\" \/><\/p>\nAssocia\u00e7\u00e3o Promotora de Tango Social<br \/>\nLargo Fontainhas N\u00ba 19 &#8211; Alc\u00e2ntara LISBOA\n<p>emapromotora@gmail.com, associacaopromotoratangosocial@gmail.com<\/p>\n<p>+351 \u00a0915131234 \/ +351 966434469<\/p>\n\t<p><img loading=\"lazy\" decoding=\"async\" src=\"https:\/\/milonga-a-promotora.pt\/wpp\/wp-content\/uploads\/2019\/08\/wpa535ecce_06.png\" alt=\"\" width=\"191\" height=\"92\" \/><\/p>\n<p><strong>POSSIBILIT\u00c9S PROCHES DE LA RENCONTRE:<\/strong><\/p>\n<p><strong>HOTEL VILA GAL\u00c9 \u00d3PERA<\/strong>-HOTEL A 4 STELLE<\/p>\n<p>(\u00e0 800m\u00e8tres de A PROMOTORA )<\/p>\n<p><a name=\"_GoBack\"><\/a> <strong>Adresse<\/strong>:Travessa do Conde da Ponte -1300 -141 Lisboa<\/p>\n<p><strong>T\u00e9l\u00e9phone<\/strong>:(00351) 213 605 400<\/p>\n<p><strong>Website:<\/strong><a href=\"http:\/\/www.vilagale.pt\">www.vilagale.pt<\/a><\/p>\n<p>&nbsp;<\/p>\n<p><strong>AUTRES POSSIBILIT\u00c9S<\/strong><\/p>\n<p>Il y a un grand nombre d&#8217;appartements \u00e0 courte distance de la Promotora qui sont disponibles sur les sites internet comme p.e. <a href=\"http:\/\/www.airbnb.com\">airbnb.com<\/a>.<\/p>\n\t<p><strong>VEUILLEZ LIRE ATTENTIVEMENT:<\/strong><\/p>\n<p>Chaque ann\u00e9e, nous recevons beaucoup plus d&#8217;inscriptions que la capacit\u00e9 de la salle et l&#8217;identit\u00e9 de l&#8217;\u00e9v\u00e9nement nous le permettent. Et la t\u00e2che de s\u00e9lectionner les participants pour chaque \u00e9dition prend autant de temps que d&#8217;attention. Nous voulons \u00eatre justes tout en garantissant \u00e0 tous les participants une exp\u00e9rience particuli\u00e8re et \u00e0 la hauteur de leurs attentes, voire m\u00eame de les d\u00e9passer.<\/p>\n<p>Les inscriptions resteront ouvertes au moins deux heures. Nous demandons \u00e0 chacun de lire attentivement le formulaire d&#8217;inscription et de prendre le temps de le remplir individuellement. Ce n&#8217;est pas une comp\u00e9tition de vitesse et nous ne ferons aucune distinction en rapport avec l&#8217;ordre des inscriptions effectu\u00e9es pendant cette p\u00e9riode.<\/p>\n<p>Les inscriptions individuelles et \/ ou en couple sont les bienvenues. Les inscriptions sont trait\u00e9es de la m\u00eame mani\u00e8re, en veillant toujours \u00e0 pr\u00e9server la parit\u00e9 entre les leaders et les suiveurs, \u00e0 la diff\u00e9rence que, dans les inscriptions de couple, l&#8217;acceptation de chaque individu d\u00e9pend et conditionne l&#8217;acceptation du couple entier.<\/p>\n<p>Pour cette raison, nous recommandons uniquement les inscriptions en couple \u00e0 ceux qui n&#8217;ont pas la volont\u00e9 de participer \u00e0 l&#8217;Encuentro sans leur partenaire de couple. <\/p>\n<p>Les inscriptions ne sont accept\u00e9es que pour l&#8217;ensemble des milongas des 4 jours. La milonga suppl\u00e9mentaire et le repas sont facultatifs et ne conditionnent pas l&#8217;acceptation de l&#8217;inscription.<\/p>\n<p>La milonga suppl\u00e9mentaire n&#8217;est pas ouverte \u00e0 la communaut\u00e9 locale. Seuls les participants \u00e0 l&#8217;Encuentro peuvent y participer. Cette milonga est plus intime que les autres et nous y apportons le m\u00eame soin qu&#8217;\u00e0 la milonga r\u00e9guli\u00e8re \u00abA Promotora\u00bb. Cette milonga a pour r\u00f4le de permettre \u00e0 ceux qui le veulent de prolonger l&#8217;exp\u00e9rience de l&#8217;esprit de l&#8217;Encuentro A Promotora.<\/p>\n<p>Les conf\u00e9rences de Michael Lavocah, incluses dans le programme, sont gratuites pour les participants \u00e0 la Rencontre. Aucune inscription pr\u00e9alable n&#8217;est requise.<\/p>\n<p>Nous voulons assurer que tous les participants connaissent et respectent les codes de la milonga (sur et \u00e0 l&#8217;ext\u00e9rieur de la piste de danse), et sont respectueux de tous les autres participants. Nous voulons assurer \u00e9galement que tous les participants dansent socialement en prenant soin du groupe et de l&#8217;int\u00e9gration de tous ceux qui sont \u00e0 l&#8217;aise avec le style milonguero et la danse dans de petits espaces. Ce sont pour nous des points essentiels qui passent avant tout autre crit\u00e8re. <\/p>\n<p>\u00abA Promotora\u00bb n&#8217;est pas une r\u00e9union ferm\u00e9e que pour nos amis. Les amis sont importants et naturellement les bienvenus, mais nous essayons toujours de donner \u00e0 chacun l&#8217;occasion de partager avec nous l&#8217;intensit\u00e9 de ces journ\u00e9es.<\/p>\n<p>Nous allons essayer d&#8217;\u00e9quilibrer l&#8217;Encuentro avec de nouveaux participants et avec des participants qui ont \u00e9t\u00e9 pr\u00e9sents dans les \u00e9ditions pr\u00e9c\u00e9dentes sans compromettre l&#8217;identit\u00e9 de l&#8217;\u00e9v\u00e9nement.<\/p>\n<p>Nous accordons \u00e9galement une attention particuli\u00e8re \u00e0 ceux qui \u00e9taient sur la liste d&#8217;attente les ann\u00e9es pr\u00e9c\u00e9dentes et nous essaierons d&#8217;en faire entrer quelques-uns cette fois-ci.<\/p>\n<p>C&#8217;est ainsi que nous pensons garantir de la transparence dans les crit\u00e8res de l&#8217;acceptation des inscriptions afin que personne ne se sente bless\u00e9. Nous pensons que c&#8217;est le meilleur moyen pour tout le monde de ressentir la m\u00eame estime, le m\u00eame soin, la m\u00eame consid\u00e9ration et le m\u00eame respect, tout en garantissant \u00e0 tous les participants un Encuentro Milongueiro \u00e0 part enti\u00e8re.<\/p>\n<p>L&#8217;\u00e9quipe de A Promotora<\/p>\n\t<p><img loading=\"lazy\" decoding=\"async\" src=\"https:\/\/milonga-a-promotora.pt\/wpp\/wp-content\/uploads\/2019\/08\/wpac2d24f2_06.png\" alt=\"\" width=\"373\" height=\"92\" \/><\/p>\n<p><b>Codes Milongueros<\/b><\/p>\n<p>Sur la piste de danse<\/p>\n<p>\u2022 La ligne imaginaire compos\u00e9e des paires de danseurs sur la m\u00eame piste est appel\u00e9e la ligne de danse. Dans cette ligne, les danseurs se d\u00e9placent dans le sens inverse des aiguilles d&#8217;une montre.<\/p>\n<p>\u2022 Il peut y avoir plusieurs pistes de danse en parall\u00e8le (1\u00e8re ext\u00e9rieur, 2\u00e8me ext\u00e9rieur, int\u00e9rieur). Nous essayons de danser en suivant l&#8217;une des lignes, en \u00e9vitant de changer de ligne. Si cela se produit, en raison d&#8217;une perturbation ou d&#8217;une ligne &#8220;trop \u200b\u200bcompl\u00e8te&#8221;, il convient de s&#8217;assurer qu&#8217;aucune autre paire n&#8217;est d\u00e9rang\u00e9e.<\/p>\n<p>\u2022 Nous ne passons pas \u00e0 une autre ligne de danse au cours d&#8217;un th\u00e8me.<\/p>\n<p>\u2022 Il n&#8217;y a pas de d\u00e9passement car nous faisons tous partie de la m\u00eame ronda et c&#8217;est un lieu de respect entre tous plut\u00f4t qu&#8217;une course de vitesse.<\/p>\n<p>\u2022 Nous ne faisons pas de &#8220;pas en arri\u00e8re&#8221; ou de mouvements dans le sens contraire de la circulation de la ronda. L&#8217;espace laiss\u00e9 par un couple dansant appartient au couple qui suit dans la ronda.<\/p>\n<p>\u2022 Nous maintenons la fluidit\u00e9 de la piste de danse. Cela signifie que si nous pouvons avancer, nous ne pouvons pas attendre sans avancer trop longtemps, ni appuyer la paire devant nous.<\/p>\n<p>\u2022 Il est de la responsabilit\u00e9 du leadeur de s&#8217;occuper de la personne avec laquelle il danse. Nous \u00e9vitons de tomber sur d&#8217;autres paires sur la piste de danse; si cela se produit, nous nous excusons, peu importe qui a motiv\u00e9 la collision ou non.<\/p>\n<p>\u2022 Se mettre en sc\u00e8ne ou montrer des mouvements qui font que les hommes ou les femmes l\u00e8vent les pieds du sol et occupent beaucoup d&#8217;espace n&#8217;a pas de sens dans un endroit o\u00f9 l&#8217;essence du tango milonguero est l&#8217;abraco. <\/p>\n<p>\u2022 Faites attention \u00e0 la position des coudes afin qu&#8217;elles soient face au sol et ne deviennent pas dangereuses pour les autres participants.<\/p>\n<p>\u2022 Lors d&#8217;un encuentro, nous montrons notre capacit\u00e9 \u00e0 prendre soin de nos partenaires et de tous les autres danseurs. Nous ne montrons pas nos capacit\u00e9s de mani\u00e8re exhibitionniste.<\/p>\n<p>En dehors de la piste de danse et l`invitation \u00e0 danser<\/p>\n<p>\u2022 Les invitations sont faites par mirada &amp; cabeceo. Cela n&#8217;est possible que s&#8217;il existe un contact visuel, \u00e0 distance, entre les deux partenaires du couple, pouvant ainsi se choisir librement et mutuellement. Ce n&#8217;est qu&#8217;ainsi que nous pourrons \u00eatre s\u00fbrs que les deux veulent vraiment danser ensemble la tanda actuelle.<\/p>\n<p>\u2022 Si la ronda est d\u00e9j\u00e0 en mouvement, ne la traversez pas pour vous rendre \u00e0 votre prochain partenaire de danse. Faites le tour autour de la piste de danse pour ne pas d\u00e9ranger les autres danseurs.<\/p>\n<p>\u2022 Les danseurs de la ronda ont priorit\u00e9 sur ceux qui veulent entrer. Lorsque nous entrons sur la piste de danse, nous nous assurons que le leader du couple dansant nous donne d\u00e9j\u00e0 le moyen d&#8217;entrer. Pour cela et avant d&#8217;entrer dans la ronda, nous essayons d&#8217;\u00e9tablir un contact visuel avec lui et d&#8217;attendre son signal.<\/p>\n<p>\u2022 Les tandas (s\u00e9quences de th\u00e8mes s\u00e9par\u00e9s par une cortina) consistent en trois ou quatre th\u00e8mes. Entre tandas sonne la soi-disant cortina musicale. La cortina existe pour que les gens puissent \u00e9couter un autre orchestre et aussi pour pouvoir choisir une autre personne avec qui danser. Vous ne devez pas rester sur la piste de danse pendant la cortina ni au d\u00e9but de la tanda car vous risquez de bloquer ainsi la possibilit\u00e9 de faire la mirada pour les autres participants.<\/p>\n<p>\u2022 \u00c0 la fin de la tanda, le leadeur emm\u00e8ne la suiveur au m\u00eame endroit o\u00f9 il a invit\u00e9 l&#8217;autre \u00e0 danser.<\/p>\n<p>\u2022 La milonga est un espace social. Nous essayons de danser avec un grand nombre de participants, en prenant soin du groupe et de l&#8217;int\u00e9gration de tous les participants.<\/p>\n<p>\u2022 La milonga est un espace de respect. Personne ne doit manquer de respect \u00e0 un participant ou \u00e0 un membre du personnel, sans distinction de race, d&#8217;\u00e2ge, d&#8217;orientation sexuelle, de pr\u00e9f\u00e9rence de r\u00f4le, etc.<\/p>\n<p>\u2022 La milonga est un espace prot\u00e9g\u00e9. Les attitudes ou les comportements mettant en danger l&#8217;int\u00e9grit\u00e9 morale ou physique d&#8217;autres participants ou membres de l&#8217;\u00e9quipe, ainsi que tout type de harc\u00e8lement moral ou sexuel, ne sont pas tol\u00e9r\u00e9s.<\/p>\n<p>\u2022 Nous prenons tous soin de tout le monde. Tout participant qui se sent n\u00e9glig\u00e9 ou t\u00e9moin de telles situations devrait imm\u00e9diatement le signaler \u00e0 un membre de l&#8217;organisation qui prendra les mesures n\u00e9cessaires et appropri\u00e9es.<\/p>\n<p>Avec l&#8217;application, nous vous demandons de vous engager \u00e0 respecter ces codes. De cette fa\u00e7on, nous pouvons tous vraiment et compl\u00e8tement profiter des milongas.<\/p>\n<p>&nbsp;<\/p>\n<p><strong>Conf\u00e9rences avec Michael Lavocah (UK)<\/strong><\/p>\n<p><strong>Carlos di Sarli &amp; Charlo<\/strong><\/p>\n<p><img loading=\"lazy\" decoding=\"async\" src=\"https:\/\/milonga-a-promotora.pt\/wpp\/wp-content\/uploads\/2025\/09\/lavocah2-300x195.jpg\" alt=\"\" width=\"300\" height=\"195\" \/><\/p>\n<p>Michael Lavocah donne vie \u00e0 la musique de tango. Grand sp\u00e9cialiste de la musique de l&#8217;\u00e2ge d&#8217;or du tango, il est aussi un raconteur naturel. Dans ses s\u00e9minaires, il relie les danseurs aux musiciens qui ont cr\u00e9\u00e9 cette belle musique en racontant leur histoire et en expliquant la relation entre leur vie et leur musique. Ses pr\u00e9sentations sont captivantes, divertissantes et instructives.<\/p>\n<p>Elles seront donn\u00e9es en anglais.<\/p>\n<p>&nbsp;<\/p>\n\n","protected":false},"excerpt":{"rendered":"<div class=\"entry-summary\">\n<div class=\"entry-summary\">\n\u00a0(disponibile 16 Septembre alle 21h (Portugal CET-1) \/ 22h (pour le centre&hellip;\n<\/div>\n<div class=\"link-more\"><a href=\"https:\/\/milonga-a-promotora.pt\/wpp\/1251-2-copy-2\/\" class=\"more-link\">Continue reading<span class=\"screen-reader-text\"> &ldquo;Encontro 2020 Fr&rdquo;<\/span>&hellip;<\/a><\/div>\n<\/div>\n<div class=\"link-more\"><a href=\"https:\/\/milonga-a-promotora.pt\/wpp\/1251-2-copy-2\/\" class=\"more-link\">Continue reading<span class=\"screen-reader-text\"> &ldquo;Encontro 2020 Fr&rdquo;<\/span>&hellip;<\/a><\/div>\n","protected":false},"author":1,"featured_media":0,"parent":0,"menu_order":0,"comment_status":"closed","ping_status":"closed","template":"page-template\/_fullwidth.php","meta":{"_acf_changed":false,"footnotes":""},"class_list":["post-1298","page","type-page","status-publish","hentry","entry"],"acf":[],"_links":{"self":[{"href":"https:\/\/milonga-a-promotora.pt\/wpp\/wp-json\/wp\/v2\/pages\/1298","targetHints":{"allow":["GET"]}}],"collection":[{"href":"https:\/\/milonga-a-promotora.pt\/wpp\/wp-json\/wp\/v2\/pages"}],"about":[{"href":"https:\/\/milonga-a-promotora.pt\/wpp\/wp-json\/wp\/v2\/types\/page"}],"author":[{"embeddable":true,"href":"https:\/\/milonga-a-promotora.pt\/wpp\/wp-json\/wp\/v2\/users\/1"}],"replies":[{"embeddable":true,"href":"https:\/\/milonga-a-promotora.pt\/wpp\/wp-json\/wp\/v2\/comments?post=1298"}],"version-history":[{"count":39,"href":"https:\/\/milonga-a-promotora.pt\/wpp\/wp-json\/wp\/v2\/pages\/1298\/revisions"}],"predecessor-version":[{"id":1934,"href":"https:\/\/milonga-a-promotora.pt\/wpp\/wp-json\/wp\/v2\/pages\/1298\/revisions\/1934"}],"wp:attachment":[{"href":"https:\/\/milonga-a-promotora.pt\/wpp\/wp-json\/wp\/v2\/media?parent=1298"}],"curies":[{"name":"wp","href":"https:\/\/api.w.org\/{rel}","templated":true}]}}