{"id":1361,"date":"2019-08-23T10:31:17","date_gmt":"2019-08-23T10:31:17","guid":{"rendered":"https:\/\/milonga-a-promotora.pt\/wpp\/?page_id=1361"},"modified":"2025-09-16T18:37:14","modified_gmt":"2025-09-16T18:37:14","slug":"1251-2-copy-5","status":"publish","type":"page","link":"https:\/\/milonga-a-promotora.pt\/wpp\/1251-2-copy-5\/","title":{"rendered":"Encontro 2020 de"},"content":{"rendered":"\n\n\t<p><img loading=\"lazy\" decoding=\"async\" src=\"https:\/\/milonga-a-promotora.pt\/wpp\/wp-content\/uploads\/2019\/08\/encontro.jpg\" alt=\"\" width=\"1419\" height=\"311\" \/><\/p>\n\t\t\t\t<img decoding=\"async\" src=\"https:\/\/milonga-a-promotora.pt\/wpp\/wp-content\/uploads\/2025\/09\/text2.png\" alt=\"text2\" itemprop=\"image\" height=\"127\" width=\"580\" title=\"text2\" onerror=\"this.style.display='none'\" loading=\"lazy\" \/>\n\t<h1><img loading=\"lazy\" decoding=\"async\" src=\"https:\/\/milonga-a-promotora.pt\/wpp\/wp-content\/uploads\/2019\/08\/incricoesal.png\" alt=\"\" width=\"234\" height=\"92\" \/><\/h1>\n<p><em>Verf\u00fcgbar am 16. September um 21 Uhr (portugiesische Zeit MEZ-1) \/ 22 Uhr (mitteleurop\u00e4ische MEZ)<\/em><\/p>\n<p><a href=\"http:\/\/regis.somee.com\/EMAPromotora2026\/?Lingua=6\" target=\"_blank\" rel=\"noopener\">LINK<\/a><\/p>\n<p>&nbsp;<\/p>\n\t<p><img loading=\"lazy\" decoding=\"async\" src=\"https:\/\/milonga-a-promotora.pt\/wpp\/wp-content\/uploads\/2019\/08\/programaal.png\" alt=\"\" width=\"169\" height=\"92\" \/><\/p>\n<p><strong>FREITAG, 13. FEBRUAR 2026<\/strong><\/p>\n<p>22h00 &#8212;- 22h30: Empfang und Begr\u00fc\u00dfung<\/p>\n<p>22h30 &#8212;- 02h00: Milonga mit DJ Gato Milongueiro (PT)<\/p>\n<p><strong>SAMSTAG, 14. FEBRUAR 2026<\/strong><\/p>\n<p>11:00&#8212;-12:30: Vortrag mit Michael Lavocah (UK) &#8211; Carlos di Sarli<\/p>\n<p>14h00 &#8212;- 18h00: Milonga mit DJ Patr\u00edcia Santos (PT)<\/p>\n<p>21h00 &#8212;&#8211; 01h00: Milonga mit DJ Graziano Sportelli (IT)<\/p>\n<p><strong>SONNTAG, 15. FEBRUAR 2026<\/strong><\/p>\n<p>11:30&#8212;-12:30: Vortrag mit Michael Lavocah (UK) &#8211; Charlo<\/p>\n<p>14h00 &#8212;- 18h00: Milonga mit DJ Silencio (PT)<\/p>\n<p>21h00 &#8212;&#8211; 01h00: Milonga mit DJ Salima (IT)<\/p>\n<p><strong>MONTAG, 16. FEBRUAR 2026<\/strong><\/p>\n<p>13h00 &#8212;&#8211; 15h00: Mittagessen<\/p>\n<p>15h00 &#8212;- 21h00: Milonga mit DJ Lampis (GR \/ USA)<\/p>\n<p><strong>ZUS\u00c4TZLICHE MILONGA<\/strong><\/p>\n<p><strong>DIENSTAG, 17. FEBRUAR 2026<\/strong><\/p>\n<p>20h00 &#8212;&#8211; 00h00: Milonga mit DJ Lua (IT \/ PT)<\/p>\n<p>&nbsp;<\/p>\n<p><strong><img loading=\"lazy\" decoding=\"async\" src=\"https:\/\/milonga-a-promotora.pt\/wpp\/wp-content\/uploads\/2019\/08\/precosal.png\" alt=\"\" width=\"96\" height=\"92\" \/><\/strong><\/p>\n<p>Milonga-Paket (13 bis 16. Februar): 175 \u20ac<\/p>\n<p>(Getr\u00e4nke &amp; Snacks inklusive)<\/p>\n<p>Zus\u00e4tzliche Milonga (17. Februar): 25 \u20ac<\/p>\n<p>Montagsmittagessen: 30 \u20ac<\/p>\n\t<p><img loading=\"lazy\" decoding=\"async\" src=\"https:\/\/milonga-a-promotora.pt\/wpp\/wp-content\/uploads\/2019\/08\/wpf0b60ad4_06.png\" alt=\"\" width=\"90\" height=\"92\" \/><\/p>\n<p><b><img loading=\"lazy\" decoding=\"async\" src=\"https:\/\/milonga-a-promotora.pt\/wpp\/wp-content\/uploads\/2023\/09\/Gato-300x192.jpg\" alt=\"\" width=\"300\" height=\"192\" \/><\/b><b>Gato Milongueiro (PT)<\/b><\/p>\nEs ist ein gro\u00dfes Privileg f\u00fcr mich, die Milonga als DJ vorzubereiten und durchzuf\u00fchren &#8211; schlie\u00dflich dreht sich alles darum den &#8220;Milongueros&#8221; im Ballsaal die gr\u00f6\u00dftm\u00f6gliche Aufmerksamkeit und Unterst\u00fctzung zukommen zu lassen&#8230; \n&#8230; y siga el Tango!\n<p>\u00a0<b><img loading=\"lazy\" decoding=\"async\" src=\"https:\/\/milonga-a-promotora.pt\/wpp\/wp-content\/uploads\/2019\/08\/patricia-300x225.jpg\" alt=\"\" width=\"300\" height=\"225\" \/>Patr\u00edcia Santos (PT)<\/b><\/p>\nPatr\u00edcia wurde in Porto (Portugal) geboren und entdeckte 2005 den Tango f\u00fcr sich. F\u00fcnf Jahre sp\u00e4ter begann sie als DJ auf den Milongas. Als Milonguera glaubt sie an den Einfluss, den Musik auf den Tanz \/ die Milonga haben kann und versucht in diesem Sinne, w\u00e4hrend sie Musik auflegt, diejenigen Orchester zu betonen, die ihrer Ansicht nach die T\u00e4nzer bef\u00e4higt, im Stil Milonguero zu tanzen. Sie erschafft damit auch das einzigartige Gef\u00fchl der Zusammengeh\u00f6rigkeit und der Gemeinsamkeit des Augenblicks zwischen Milongueros. Sie organisiert das Encuentro &#8220;Ensue\u00f1os&#8221; in Porto.\n<p> <img loading=\"lazy\" decoding=\"async\" src=\"https:\/\/milonga-a-promotora.pt\/wpp\/wp-content\/uploads\/2025\/09\/Sportelli-300x225.jpg\" alt=\"\" width=\"300\" height=\"225\" \/><b>Graziano Sportelli (IT)<\/b><\/p>\n<p>Ich habe die Welt des Tangos im Jahr 2005 als Tango-Liebhaber und T\u00e4nzer entdeckt. Von Anfang an begeisterte ich mich f\u00fcr das Studium der Tangomusik, so dass ich die Chance erhielt, Resident-DJ einer regelm\u00e4\u00dfigen Milonga in meiner Heimatregion zu werden. Dar\u00fcber hinaus lege ich auch in zahlreichen anderen Milongas und Encuentros, in den St\u00e4dten Apuliens und au\u00dferhalb meiner Heimatregion auf. Konsequenterweise wurde meine Arbeit als DJ in Italien und in Europa mehr und mehr anerkannt, darunter u.a. in England, Frankreich, Deutschland, Polen, Belgien, \u00d6sterreich, Portugal und Spanien.<\/p>\n<p>Meine musikalische Vorliebe gilt dem Tango des &#8220;Goldenen Zeitalters&#8221; und ich werde immer der Musik der 20er und 50er Jahre verbunden bleiben.<\/p>\n<p>Mein Anspruch:\u00a0 Zu jedem Zeitpunkt mit meinen St\u00fccken immer die jeweils passende Stimmung auf der Tanzfl\u00e4che zu erschaffen!<\/p>\n<p>\u00a0<b><img loading=\"lazy\" decoding=\"async\" src=\"https:\/\/milonga-a-promotora.pt\/wpp\/wp-content\/uploads\/2019\/08\/silencio-300x225.jpg\" alt=\"\" width=\"300\" height=\"225\" \/>Silencio (PT)<\/b><\/p>\nBeim &#8220;Djing&#8221; dreht sich f\u00fcr mich alles um die Musik. Sie ist die Kunstform, die uns antreibt und motiviert zu tanzen. Diese Aufgabe erfordert von jedem der es ernst damit meint ein lebenslanges Studium&#8230;\nIch erwarte von einem Tango-DJ die F\u00e4higkeit, sich an die Stelle eines jeden auf der Tanzfl\u00e4che (und in der Milonga) hineinversetzen zu k\u00f6nnen. Daher w\u00e4hle ich meine Musik mit Koh\u00e4renz Altruismus und Intuition aus.\nIch suche jedes Musikst\u00fcck sorgf\u00e4ltig aus und versuche aus der Vielfalt der \u201emusikalischen Emotionen&#8221; diejenige herauszufinden, die am besten zu jedem Milonguero passt.\nIch beginne mit der Seele jedes &#8220;Orquestra T\u00edpica&#8221; und m\u00f6chte dazu beitragen, dass jeder in der Milonga Anwesende eine sch\u00f6ne und gl\u00fcckliche Erfahrung machen kann.\nDas &#8220;Djing&#8221; in traditionellen Milongas und Encuentros Milongueros ist eine Verantwortung, die ich auch deshalb sehr wertsch\u00e4tze, weil bei den Milongueros die Liebe zur Umarmung und zur (Interpretation der) Musik eine gro\u00dfe Bedeutung beigemessen wird. Auch dadurch kommt die Milonga dem Gef\u00fchl des &#8220;Tanzhimmels&#8221; nahe.\n<b><img loading=\"lazy\" decoding=\"async\" src=\"https:\/\/milonga-a-promotora.pt\/wpp\/wp-content\/uploads\/2025\/09\/Salima-300x169.jpg\" alt=\"\" width=\"300\" height=\"169\" \/>Salima (IT)<\/b>\n<p>Durch Zufall entdeckte Salima die Welt des Tangos. Das erste Mal, dass sie sich einem DJ-Konsole n\u00e4herte, war vor vielen Jahren bei einer Milonga, die ihre Schule auf dem Hauptplatz im Stadtzentrum von Conegliano (Treviso, Italien) veranstaltet hatte. Seitdem hat sie sich voll und ganz der Erweiterung ihrer musikalischen Kenntnisse gewidmet, immer mit dem Blick auf die Herzen der T\u00e4nzer.<\/p>\n<p>Salimas Tango ist traditionell, aber niemals gew\u00f6hnlich. seit fast einem Jahrzehntist sie als TDJ bei &#8220;Blumilonga&#8221; in Conegliano t\u00e4tig. Sie tritt regelm\u00e4\u00dfig bei Veranstaltungen, Encuentros und Milongas in Italien und im Ausland auf.<\/p>\n<p>Ihr Motto lautet: &#8220;Vor allem Energie auf der Tanzfl\u00e4che!&#8221;<\/p>\n<p>Vor allem liebt sie Juan D&#8217;Arienzo. Aber an der Konsole versteht sie es, Rhythmus und S\u00fc\u00dfe zu dosieren, verschiedene Emotionen zu mischen, um sich in der magischen Umarmung des Tangos zu erleben.<\/p>\n<b><img loading=\"lazy\" decoding=\"async\" src=\"https:\/\/milonga-a-promotora.pt\/wpp\/wp-content\/uploads\/2025\/09\/Lampis-300x200.jpg\" alt=\"\" width=\"300\" height=\"200\" \/>Lampis (GR\/USA)<\/b>\n<p>Lampis ist seit zwei Jahrzehnten vom Tango fasziniert und versucht kontinuierlich, sein Verst\u00e4ndnis dieser komplexen Kunstform zu erweitern. Die richtige Tanda zur richtigen Zeit zu spielen, ist entscheidend f\u00fcr einen emotional erf\u00fcllenden Tanzabend, und genau das m\u00f6chte er mit seiner Musikauswahl erreichen. Lampis konzentriert sich auf traditionelle Musik, die die T\u00e4nzer bis zum Ende der Milonga auf der Tanzfl\u00e4che h\u00e4lt. Er lebt in Los Angeles und legt regelm\u00e4\u00dfig bei Veranstaltungen weltweit als DJ auf.<\/p>\n<p>\u00a0<img loading=\"lazy\" decoding=\"async\" src=\"https:\/\/milonga-a-promotora.pt\/wpp\/wp-content\/uploads\/2025\/09\/Lua-300x200.jpg\" alt=\"\" width=\"300\" height=\"200\" \/><b>Lua (IT\/PT)<\/b><\/p>\n<p>Lua ist Italienerin und lebt in Lissabon. Sie entdeckte den Tango im Jahr 2004 bei einem Spaziergang entlang der Seine und war sofort in seinen Bann gezogen.<\/p>\n<p>Seit 2011 organisiert sie Tango-Veranstaltungen in Lissabon (&#8220;Milonga da Lua&#8221;) und spielt ihre Musik auf Milongas und Encuentros in ganz Europa und den Vereinigten Staaten. F\u00fcr sie ist jede Milonga einzigartig. Jede Tanda erz\u00e4hlt eine Geschichte. Jeder Tango erweckt Erinnerungen an vergangene T\u00e4nze. Heute vereint ihre Musikauswahl die verschiedenen Vorlieben der T\u00e4nzer, die sie beim Tango kennengelernt hat.<\/p>\n<b>\u00a0<\/b>\n\t<p><img loading=\"lazy\" decoding=\"async\" src=\"https:\/\/milonga-a-promotora.pt\/wpp\/wp-content\/uploads\/2019\/08\/localizacaoal.png\" alt=\"\" width=\"329\" height=\"92\" \/><\/p>\nAssocia\u00e7\u00e3o Promotora de Tango Social<br \/>\nLargo Fontainhas N\u00ba 19 &#8211; Alc\u00e2ntara LISBOA\n<p>emapromotora@gmail.com, associacaopromotoratangosocial@gmail.com<\/p>\n<p>+351 \u00a0915131234 \/ +351 966434469<\/p>\n\t<p><img loading=\"lazy\" decoding=\"async\" src=\"https:\/\/milonga-a-promotora.pt\/wpp\/wp-content\/uploads\/2019\/08\/alojamentoal.png\" alt=\"\" width=\"174\" height=\"92\" \/><\/p>\n<p><strong>M\u00d6GLICHKEITEN IN DER N\u00c4HE DER MILONGAS:<\/strong><\/p>\n<p><strong>HOTEL VILA GAL\u00c9 \u00d3PERA<\/strong> 4 STERNE HOTEL<\/p>\n<p>(800 m von PROMOTORA entfernt)<\/p>\n<p><strong>Adresse:<\/strong> Travessa do Conde da Ponte -1300 -141 Lissabon<\/p>\n<p><strong>Telefon:<\/strong> (00351) 213 605 400<\/p>\n<p><strong>Website:<\/strong> www.vilagale.pt<\/p>\n\n<p><strong>WEITERE M\u00d6GLICHKEITEN:<\/strong><\/p>\n<p>Es gibt eine Vielzahl von verf\u00fcgbaren Unterk\u00fcnften in fu\u00dfl\u00e4ufiger Entfernung von Promotora und auf den Websites wie z.B. airbnb.com .<\/p>\n<p>&nbsp;<\/p>\n\t<p><strong>BITTE AUFMEKSAM LESEN:<\/strong><\/p>\n<p>Jedes Jahr erhalten wir viel mehr Anmeldungen, als es die Raumkapazit\u00e4t und der Charakter der Veranstaltung zulassen. Gleichzeitig verwenden wir immer viel Sorgfalt und Zeit auf die Auswahl der Teilnehmer.<\/p>\n<p>Wir wollen bei der Auswahl gerecht sein und gleichzeitig allen Teilnehmern ein besonderes Erlebnis bieten, welches ihre Erwartungen erf\u00fcllt oder nach M\u00f6glichkeit sogar \u00fcbertrifft.<\/p>\n<p>Das Zeitfester f\u00fcr die Anmeldungen wird f\u00fcr mindestens zwei Stunden ge\u00f6ffnet sein. Wir bitten daher alle, das Antragsformular sorgf\u00e4ltig zu lesen und sich die Zeit zu nehmen, es korrekt auszuf\u00fcllen. Es handelt sich also nicht um einen Geschwindigkeitswettbewerb und wir werden keine Unterscheidung nach der Reihenfolge der Registrierung in diesem Zeitraum treffen.<\/p>\n<p>Einzel- und\/oder Paaranmeldungen sind gleicherma\u00dfen willkommen. Die Registrierungen werden gleichwertig behandelt, wobei stets die Parit\u00e4t zwischen F\u00fchrenden und Folgenden gew\u00e4hrleistet ist &#8211; mit folgendem wichtigen Unterschied: Bei den Paarregistrierungen h\u00e4ngt die Akzeptanz jedes Einzelnen von der Akzeptanz des Paares ab und setzt diese voraus. Aus diesem Grund empfehlen wir nur denjenigen eine Paaranmeldungen, die in jedem Fall nur zusammen teilnehmen m\u00f6chten.<\/p>\n<p>Anmeldungen sind nur f\u00fcr das 4-Tage-Milonga-Paket m\u00f6glich. Die zus\u00e4tzliche Milonga und die Mahlzeit sind frei w\u00e4hlbar und haben keinen Einfluss auf die Entscheidung \u00fcber die Teilnahme.<\/p>\n<p>Die zus\u00e4tzliche Milonga richtet sich nicht an die lokalen Tangoszene. Daher k\u00f6nnen nur die Teilnehmer des Encuentros an dieser Milonga teilnehmen. Diese Milonga ist kleiner und intimer als die anderen Milongas aber diese Veranstaltung wird mit der gleichen Sorgfalt vorbereitet wie die regul\u00e4ren Milongas A Promotora. Diese Milonga steht denjenigen offen, die die Seele des &#8220;Encontro A Promotora&#8221; noch intensiver erleben m\u00f6chten.<\/p>\n<p>Die im Programm enthaltenen Vortr\u00e4ge mit Michael Lavocah sind f\u00fcr Teilnehmer des Treffens kostenfrei. Eine vorherige Anmeldung ist nicht erforderlich.<\/p>\n<p>Wir m\u00f6chten sicherstellen, dass alle Teilnehmer die Codes der Milonga (auf und au\u00dferhalb der Tanzfl\u00e4che) kennen und respektieren und r\u00fccksichtsvoll mit allen anderen Teilnehmern umgehen und sich f\u00fcr das Wohlergehen Aller verantwortlich f\u00fchlen. Dies sind f\u00fcr uns die wesentlichen Eigenschaften, denen alle anderen Kriterien untergeordnet sind.<\/p>\n<p>&#8220;A Promotora&#8221; ist kein geschlossenes Treffen f\u00fcr unsere Freunde. Freunde sind wichtig und selbstverst\u00e4ndlich sehr gerne willkommen. Aber wir versuchen dar\u00fcber hinaus immer, jedem die Gelegenheit zu geben, die Intensit\u00e4t dieser Tage mit uns zu teilen.<\/p>\n<p>Wir versuchen daher immer, dass Encuentro mit neuen Teilnehmern und mit Teilnehmern, die in fr\u00fcheren Ausgaben teilgenommen haben, in Einklang zu bringen &#8211; ohne dabei die Identit\u00e4t der Veranstaltung zu gef\u00e4hrden.<\/p>\n<p>Wir vergessen auch diejenigen nicht, die in den vergangenen Jahren auf der Warteliste standen und versuchen, einige von ihnen zu ber\u00fccksichtigen.<\/p>\n<p>Auf diese Weise m\u00f6chten wir die maximale Transparenz und Nachvollziehbarkeit bei den Kriterien f\u00fcr die Auswahl der Anmeldungen sicherstellen und so Missverst\u00e4ndnisse und pers\u00f6nliche Kr\u00e4nkungen vermeiden. Wir sind davon \u00fcberzeugt, dass dies der beste Weg f\u00fcr alle ist, um Wertsch\u00e4tzung, F\u00fcrsorge, R\u00fccksichtnahme und Achtung zu gew\u00e4hrleisten und allen Teilnehmern ein echtes &#8220;Encuentro Milongueiro&#8221; zu erm\u00f6glichen.<\/p>\n<p>Das Team von A Promotora<\/p>\n\t<p>&nbsp;<\/p>\n<p><img loading=\"lazy\" decoding=\"async\" src=\"https:\/\/milonga-a-promotora.pt\/wpp\/wp-content\/uploads\/2019\/08\/codesal.png\" alt=\"\" width=\"93\" height=\"92\" \/><\/p>\n<p><b>Auf der Tanzfl\u00e4che<\/b><\/p>\n<p>\u2022 Die imagin\u00e4re Linie, die sich aus T\u00e4nzerpaaren auf derselben Spur zusammensetzt, m\u00f6chten wir als die Tanzspur bezeichnet. Auf dieser Spur bewegen sich die T\u00e4nzer gegen den Uhrzeigersinn.<\/p>\n<p>\u2022 Es kann durchaus mehrere Tanzspuren parallel geben (1. au\u00dfen, 2. au\u00dfen, innen). Bitte versuche, immer auf einer einzigen Tanzspur zu tanzen, ohne diese zu wechseln. Falls es doch einmal zu einem Spurwechsel kommen sollte dann stelle bitte sicher, dass kein anderes Paar dadurch gest\u00f6rt wird.<\/p>\n<p>\u2022 Bitte vermeide es, w\u00e4hrend eines Musikst\u00fccks auf eine andere Tanzspur zu wechseln.<\/p>\n<p>\u2022 Ein \u00dcberholen des vorderen Paares ist nicht geboten, da wir alle Teil derselben Ronda sind: Eine Frage des Respekts.<\/p>\n<p>\u2022 Bitte vermeide &#8220;R\u00fcckschritte&#8221; oder Bewegungen in die entgegengesetzte Tanzrichtung der Ronda. Der Raum, den ein Tanzpaar hinterl\u00e4sst, geh\u00f6rt dem Paar, welches in der Ronda folgt.<\/p>\n<p><a name=\"_Hlk14557000\"><\/a> \u2022 Bitte bem\u00fche Dich, die Ronda im Fluss zu halten, das hei\u00dft wir gehen z\u00fcgig vorw\u00e4rts ohne auf das vordere Paar aufzutanzen.<\/p>\n<p>\u2022 Der F\u00fchrenden hat die Verantwortung f\u00fcr die Gef\u00fchrte. Du vermeidest den Zusammensto\u00df mit den anderen Paaren. Falls es doch einmal dazu kommt, bittest Du um Entschuldigung, unabh\u00e4ngig davon, wer oder was die Kollision ausgel\u00f6st hat.<\/p>\n<p>\u2022 Showtanzbewegungen, bei denen M\u00e4nner oder Frauen die F\u00fc\u00dfe hochheben und beim Tanzen \u00fcberm\u00e4\u00dfig viel Platz einnehmen, sind an Orten, an denen die Umarmung das Wesen und die Bedeutung des Tango Milonguero bildet, selbstredend fehl am Platz.<\/p>\n<p>\u2022 Achte bitte auf Deinen Ellbogen, damit er f\u00fcr die anderen Teilnehmer keine Gefahr darstellt. Mit anderen Worten: Dein Ellbogen zeigt auf den Boden.<\/p>\n<p>\u2022 Bei einem Encuentro dr\u00fcckst Du Deine F\u00e4higkeit aus, respektvoll und aufmerksam mit Deinem Partner und alle anderen T\u00e4nzer zu tanzen. Es ist somit kein Ort zur Selbstdarstellung.<\/p>\n<p>&nbsp;<\/p>\n<p><b>Au\u00dferhalb der Tanzfl\u00e4che und die Einladung zum Tanz<\/b><\/p>\n<p>\u2022 Einladungen werden mit Mirada &amp; Cabeceo erm\u00f6glicht. Dies ist nur m\u00f6glich, wenn in einiger Entfernung ein Sichtkontakt zwischen den beiden potentiellen Tanzpartnern des zuk\u00fcnftigen Tanzpaares hergestellt wird. Dies geschieht, mit Eleganz und Charme &#8211; ohne Zwang und immer im gegenseitigen Einvernehmen. Nur so wird sichergestellt, dass beide auch wirklich gemeinsam die aktuelle Tanda tanzen wollen.<\/p>\n<p>\u2022 Wenn sich die Ronda bereits bewegt, \u00fcberquerst Du sie nicht einfach, um zu Deinem n\u00e4chsten Tanzpartner zu gelangen. Gehe bitte, wo m\u00f6glich, um die Tanzfl\u00e4che herum, damit Du die anderen T\u00e4nzer nicht st\u00f6rst.<\/p>\n<p>\u2022 Die T\u00e4nzer in der Ronda haben immer Vorrang vor denen, die erst noch die Tanzfl\u00e4che betreten m\u00f6chten. Wenn Du die Tanzfl\u00e4che betrittst, stellst Du sicher, dass der F\u00fchrende des Paares, welches bereits tanzt, Dir den Weg frei macht, um einzutreten. Bevor Du die Ronda betrittst, versuchst Du daher, einen visuellen Kontakt mit ihm herzustellen und auf sein Signal zu warten.<\/p>\n<p>\u2022 Tandas (Tanzsequenzen, die durch eine Cortina getrennt sind) bestehen aus drei oder vier Themen. Zwischen den Tandas wird das sogenannte Cortina-Musical gespielt. Die Cortina existiert, damit die Leute einem anderen Orchester zuh\u00f6ren und auch eine andere Person zum Tanzen w\u00e4hlen k\u00f6nnen. Du solltest weder w\u00e4hrend der Cortina noch zu Beginn der Tanda auf der Tanzfl\u00e4che stehenbleiben, da Du damit die M\u00f6glichkeit blockieren k\u00f6nntest, die Mirada f\u00fcr andere Teilnehmer zu erm\u00f6glichen.<\/p>\n<p>\u2022 Am Ende der Tanda bringt der F\u00fchrende die Gef\u00fchrte an dieselbe Stelle zur\u00fcck, an der er sie zum Tanzen eingeladen hat.<\/p>\n<p>\u2022 Die Milonga ist ein gesch\u00fctzter Raum. Wir versuchen mit einer Vielzahlt unterschiedlicher Teilnehmer zu tanzen und wir k\u00fcmmern uns um die Integration aller Teilnehmer in die Gemeinschaft.<\/p>\n<p>\u2022 Die Milonga ist ein Raum des Respekts und gegenseitiger Achtung. Kein Teilnehmer darf aufgrund seiner Rasse, seines Alters, seiner sexuellen Orientierung, Rollenpr\u00e4ferenz usw. diskriminiert werden.<\/p>\n<p>\u2022 Die Milonga ist ein besch\u00fctzter Raum. Einstellungen oder Verhaltensweisen, die die moralische oder k\u00f6rperliche Unversehrtheit anderer Teilnehmer oder Teammitglieder beeintr\u00e4chtigen, oder jede Art von moralischer oder sexueller Bel\u00e4stigung werden selbstverst\u00e4ndlich nicht toleriert.<\/p>\n<p>\u2022 Wir alle zusammen k\u00fcmmern uns um jeden Teilnehmer. Falls sich dennoch ein Teilnehmer missachtet f\u00fchlt dann steht es ihm jederzeit frei, sich an ein Mitglied der Organisation zu wenden. <\/p>\n<p>Mit Deiner Anmeldung bitten wir Dich, Dich zur Einhaltung dieser Codes zu verpflichten.<\/p>\n<p>&nbsp;<\/p>\n<p><strong><b>Vortrag mit Michael Lavocah (UK)<\/b><\/strong><\/p>\n<p><strong>Carlos di Sarli &amp; Charlo<\/strong><\/p>\n<p><img loading=\"lazy\" decoding=\"async\" src=\"https:\/\/milonga-a-promotora.pt\/wpp\/wp-content\/uploads\/2025\/09\/lavocah2-300x195.jpg\" alt=\"\" width=\"300\" height=\"195\" \/>Michael Lavocah erweckt die Tangomusik zum Leben. Als profunder Kenner der Musik des Goldenen Zeitalters des Tangos ist er auch ein geborener Geschichtenerz\u00e4hler. In seinen Seminaren verbindet er die T\u00e4nzer mit den Musikern, die diese wunderbare Musik geschaffen haben, indem er etwas von ihrer Geschichte erz\u00e4hlt und die Beziehung zwischen ihrem Leben und ihrer Musik erkl\u00e4rt. Seine Vortr\u00e4ge sind fesselnd, unterhaltsam und informativ.<\/p>\n<p>Sie werden in englischer Sprache abgehalten.<\/p>\n<p>&nbsp;<\/p>\n\n","protected":false},"excerpt":{"rendered":"<div class=\"entry-summary\">\n<div class=\"entry-summary\">\nVerf\u00fcgbar am 16. September um 21 Uhr (portugiesische Zeit MEZ-1) \/ 22&hellip;\n<\/div>\n<div class=\"link-more\"><a href=\"https:\/\/milonga-a-promotora.pt\/wpp\/1251-2-copy-5\/\" class=\"more-link\">Continue reading<span class=\"screen-reader-text\"> &ldquo;Encontro 2020 de&rdquo;<\/span>&hellip;<\/a><\/div>\n<\/div>\n<div class=\"link-more\"><a href=\"https:\/\/milonga-a-promotora.pt\/wpp\/1251-2-copy-5\/\" class=\"more-link\">Continue reading<span class=\"screen-reader-text\"> &ldquo;Encontro 2020 de&rdquo;<\/span>&hellip;<\/a><\/div>\n","protected":false},"author":1,"featured_media":0,"parent":0,"menu_order":0,"comment_status":"closed","ping_status":"closed","template":"page-template\/_fullwidth.php","meta":{"_acf_changed":false,"footnotes":""},"class_list":["post-1361","page","type-page","status-publish","hentry","entry"],"acf":[],"_links":{"self":[{"href":"https:\/\/milonga-a-promotora.pt\/wpp\/wp-json\/wp\/v2\/pages\/1361","targetHints":{"allow":["GET"]}}],"collection":[{"href":"https:\/\/milonga-a-promotora.pt\/wpp\/wp-json\/wp\/v2\/pages"}],"about":[{"href":"https:\/\/milonga-a-promotora.pt\/wpp\/wp-json\/wp\/v2\/types\/page"}],"author":[{"embeddable":true,"href":"https:\/\/milonga-a-promotora.pt\/wpp\/wp-json\/wp\/v2\/users\/1"}],"replies":[{"embeddable":true,"href":"https:\/\/milonga-a-promotora.pt\/wpp\/wp-json\/wp\/v2\/comments?post=1361"}],"version-history":[{"count":38,"href":"https:\/\/milonga-a-promotora.pt\/wpp\/wp-json\/wp\/v2\/pages\/1361\/revisions"}],"predecessor-version":[{"id":1931,"href":"https:\/\/milonga-a-promotora.pt\/wpp\/wp-json\/wp\/v2\/pages\/1361\/revisions\/1931"}],"wp:attachment":[{"href":"https:\/\/milonga-a-promotora.pt\/wpp\/wp-json\/wp\/v2\/media?parent=1361"}],"curies":[{"name":"wp","href":"https:\/\/api.w.org\/{rel}","templated":true}]}}