{"id":986,"date":"2019-07-17T20:33:25","date_gmt":"2019-07-17T20:33:25","guid":{"rendered":"https:\/\/milonga-a-promotora.pt\/wpp\/?page_id=986"},"modified":"2023-09-04T14:08:18","modified_gmt":"2023-09-04T14:08:18","slug":"proximos-eventos","status":"publish","type":"page","link":"https:\/\/milonga-a-promotora.pt\/wpp\/","title":{"rendered":"Quem somos"},"content":{"rendered":"\n<p><img loading=\"lazy\" decoding=\"async\" src=\"https:\/\/milonga-a-promotora.pt\/wpp\/wp-content\/uploads\/2019\/08\/wpd45f8c11_06-300x128.png\" alt=\"\" width=\"300\" height=\"128\"><\/p>\n<p>A Associa\u00e7\u00e3o Promotora de Tango Social \u00e9 um projecto que cultiva o tango argentino, veiculando o respeito pelo conhecimento da cultura rioplatense.<\/p>\n<p>Assim, procura estudar e transmitir o conhecimento desta cultura tendo em mente a realidade social e cultural actual, respeitando e valorizando o tango tradicional, onde os c\u00f3digos s\u00e3o formas de tornar o espa\u00e7o da milonga um espa\u00e7o socialmente mais feliz.<\/p>\n<p>A Associa\u00e7\u00e3o Promotora de Tango Social aparece como o resultado da multiplicidade de todas as actividades que realizamos procurando respeitar, cuidar e desenvolver o tango argentino, enquanto cultura, m\u00fasica e dan\u00e7a. A realiza\u00e7\u00e3o de tantas e t\u00e3o variadas actividades neste \u00e2mbito &#8211; <a href=\"https:\/\/milonga-a-promotora.pt\/wpp\/978-2-copy-copy\/\">Milonga A Promotora<\/a>, <a href=\"https:\/\/milonga-a-promotora.pt\/wpp\/1192-2\/\">Encontro Milongueiro A Promotora<\/a>, <a href=\"https:\/\/milonga-a-promotora.pt\/wpp\/1422-2\/\">aulas<\/a> para crian\u00e7as, adultos e popula\u00e7\u00f5es com necessidades educativas especiais, <a href=\"https:\/\/milonga-a-promotora.pt\/wpp\/a-biblioteca\/\">biblioteca<\/a> especializada em Tango, workshops e palestras tem\u00e1ticas, leva-nos a unir todas estas actividades num \u00fanico nome.<\/p>\n<p>&nbsp;<\/p>\n<p><img loading=\"lazy\" decoding=\"async\" src=\"https:\/\/milonga-a-promotora.pt\/wpp\/wp-content\/uploads\/2019\/08\/wpe57642ff_06-300x126.png\" alt=\"\" width=\"300\" height=\"126\"><\/p>\n<p>The Associa\u00e7\u00e3o Promotora de Tango Social is a Project about argentine tango, that&nbsp; respects all its cultural aspects and its rioplatense origins.<\/p>\n<p>Therefore we aim to study and to shand and transmit the knowledge of this culture taking in consideration the social reality of nowadays, respecting and valuing the tango tradicional values, where the milonguero codes (codigos milongueros) are ways present and contribute for the social space of the milonga to be a place of well being.<\/p>\n<p>The accomplishment of so many and varied activities in this area &#8211; <a href=\"https:\/\/milonga-a-promotora.pt\/wpp\/978-2-copy-copy\/\">Milonga A Promotora<\/a>, <a href=\"https:\/\/milonga-a-promotora.pt\/wpp\/1192-2\/\">Encontro Milongueiro A Promotora<\/a>, <a href=\"https:\/\/milonga-a-promotora.pt\/wpp\/1422-2\/\">classes<\/a> for children, adults and populations with special educational needs, specialized <a href=\"https:\/\/milonga-a-promotora.pt\/wpp\/a-biblioteca\/\">library<\/a> in Tango, workshops and thematic lectures, brings us to unite all these activities under a single name<\/p>\n","protected":false},"excerpt":{"rendered":"<div class=\"entry-summary\">\n<div class=\"entry-summary\">\nA Associa\u00e7\u00e3o Promotora de Tango Social \u00e9 um projecto que cultiva o&hellip;\n<\/div>\n<div class=\"link-more\"><a href=\"https:\/\/milonga-a-promotora.pt\/wpp\/\" class=\"more-link\">Continue reading<span class=\"screen-reader-text\"> &ldquo;Quem somos&rdquo;<\/span>&hellip;<\/a><\/div>\n<\/div>\n<div class=\"link-more\"><a href=\"https:\/\/milonga-a-promotora.pt\/wpp\/\" class=\"more-link\">Continue reading<span class=\"screen-reader-text\"> &ldquo;Quem somos&rdquo;<\/span>&hellip;<\/a><\/div>\n","protected":false},"author":1,"featured_media":0,"parent":0,"menu_order":0,"comment_status":"closed","ping_status":"closed","template":"page-template\/_fullwidth.php","meta":{"_acf_changed":false,"footnotes":""},"class_list":["post-986","page","type-page","status-publish","hentry","entry"],"acf":[],"_links":{"self":[{"href":"https:\/\/milonga-a-promotora.pt\/wpp\/wp-json\/wp\/v2\/pages\/986","targetHints":{"allow":["GET"]}}],"collection":[{"href":"https:\/\/milonga-a-promotora.pt\/wpp\/wp-json\/wp\/v2\/pages"}],"about":[{"href":"https:\/\/milonga-a-promotora.pt\/wpp\/wp-json\/wp\/v2\/types\/page"}],"author":[{"embeddable":true,"href":"https:\/\/milonga-a-promotora.pt\/wpp\/wp-json\/wp\/v2\/users\/1"}],"replies":[{"embeddable":true,"href":"https:\/\/milonga-a-promotora.pt\/wpp\/wp-json\/wp\/v2\/comments?post=986"}],"version-history":[{"count":19,"href":"https:\/\/milonga-a-promotora.pt\/wpp\/wp-json\/wp\/v2\/pages\/986\/revisions"}],"predecessor-version":[{"id":1727,"href":"https:\/\/milonga-a-promotora.pt\/wpp\/wp-json\/wp\/v2\/pages\/986\/revisions\/1727"}],"wp:attachment":[{"href":"https:\/\/milonga-a-promotora.pt\/wpp\/wp-json\/wp\/v2\/media?parent=986"}],"curies":[{"name":"wp","href":"https:\/\/api.w.org\/{rel}","templated":true}]}}